{"id":80,"date":"2025-12-19T12:53:55","date_gmt":"2025-12-19T12:53:55","guid":{"rendered":"http:\/\/www.bulentsenocak.com\/?page_id=80"},"modified":"2025-12-28T20:48:13","modified_gmt":"2025-12-28T20:48:13","slug":"karsilama","status":"publish","type":"page","link":"https:\/\/www.bulentsenocak.com\/en\/","title":{"rendered":"Home"},"content":{"rendered":"","protected":false},"excerpt":{"rendered":"","protected":false},"author":1,"featured_media":0,"parent":0,"menu_order":0,"comment_status":"closed","ping_status":"closed","template":"","meta":{"footnotes":""},"class_list":["post-80","page","type-page","status-publish","hentry"],"yoast_head":"<!-- This site is optimized with the Yoast SEO plugin v27.5 - https:\/\/yoast.com\/product\/yoast-seo-wordpress\/ -->\n<title>B\u00fclent \u015eenocak Resmi Web Sitesi | B\u00fclent \u015eenocak<\/title>\n<meta name=\"description\" content=\"B\u00fclent \u015eenocak&#039;\u0131n Resmi web sitesidir! Yazar B\u00fclent \u015eenocak&#039;\u0131n t\u00fcm kitaplar\u0131n\u0131 g\u00f6r\u00fcnt\u00fcleyebilir, hakk\u0131nda bilgi edinebilirsiniz.\" \/>\n<meta name=\"robots\" content=\"index, follow, max-snippet:-1, max-image-preview:large, max-video-preview:-1\" \/>\n<link rel=\"canonical\" href=\"http:\/\/www.bulentsenocak.com\/en\/\" \/>\n<meta property=\"og:locale\" content=\"en_US\" \/>\n<meta property=\"og:type\" content=\"article\" \/>\n<meta property=\"og:title\" content=\"B\u00fclent \u015eenocak Resmi Web Sitesi | B\u00fclent \u015eenocak\" \/>\n<meta property=\"og:description\" content=\"B\u00fclent \u015eenocak&#039;\u0131n Resmi web sitesidir! Yazar B\u00fclent \u015eenocak&#039;\u0131n t\u00fcm kitaplar\u0131n\u0131 g\u00f6r\u00fcnt\u00fcleyebilir, hakk\u0131nda bilgi edinebilirsiniz.\" \/>\n<meta property=\"og:url\" content=\"http:\/\/www.bulentsenocak.com\/en\/\" \/>\n<meta property=\"og:site_name\" content=\"B&uuml;lent \u015eenocak\" \/>\n<meta property=\"article:modified_time\" content=\"2025-12-28T20:48:13+00:00\" \/>\n<meta name=\"twitter:card\" content=\"summary_large_image\" \/>\n<script type=\"application\/ld+json\" class=\"yoast-schema-graph\">{\"@context\":\"https:\\\/\\\/schema.org\",\"@graph\":[{\"@type\":\"WebPage\",\"@id\":\"http:\\\/\\\/www.bulentsenocak.com\\\/\",\"url\":\"http:\\\/\\\/www.bulentsenocak.com\\\/\",\"name\":\"B\u00fclent \u015eenocak Resmi Web Sitesi | B\u00fclent \u015eenocak\",\"isPartOf\":{\"@id\":\"http:\\\/\\\/www.bulentsenocak.com\\\/#website\"},\"datePublished\":\"2025-12-19T12:53:55+00:00\",\"dateModified\":\"2025-12-28T20:48:13+00:00\",\"description\":\"B\u00fclent \u015eenocak'\u0131n Resmi web sitesidir! Yazar B\u00fclent \u015eenocak'\u0131n t\u00fcm kitaplar\u0131n\u0131 g\u00f6r\u00fcnt\u00fcleyebilir, hakk\u0131nda bilgi edinebilirsiniz.\",\"breadcrumb\":{\"@id\":\"http:\\\/\\\/www.bulentsenocak.com\\\/#breadcrumb\"},\"inLanguage\":\"en-US\",\"potentialAction\":[{\"@type\":\"ReadAction\",\"target\":[\"http:\\\/\\\/www.bulentsenocak.com\\\/\"]}]},{\"@type\":\"BreadcrumbList\",\"@id\":\"http:\\\/\\\/www.bulentsenocak.com\\\/#breadcrumb\",\"itemListElement\":[{\"@type\":\"ListItem\",\"position\":1,\"name\":\"Home\",\"item\":\"http:\\\/\\\/www.bulentsenocak.com\\\/\"},{\"@type\":\"ListItem\",\"position\":2,\"name\":\"Ana Sayfa\"}]},{\"@type\":\"WebSite\",\"@id\":\"http:\\\/\\\/www.bulentsenocak.com\\\/#website\",\"url\":\"http:\\\/\\\/www.bulentsenocak.com\\\/\",\"name\":\"B&uuml;lent \u015eenocak\",\"description\":\"Kalemim, &ouml;zg&uuml;rl&uuml;\u011f&uuml;m&uuml;n kanatlar\u0131d\u0131r.\",\"publisher\":{\"@id\":\"http:\\\/\\\/www.bulentsenocak.com\\\/#\\\/schema\\\/person\\\/d6b6a272870f4cd2600a30e279637d51\"},\"potentialAction\":[{\"@type\":\"SearchAction\",\"target\":{\"@type\":\"EntryPoint\",\"urlTemplate\":\"http:\\\/\\\/www.bulentsenocak.com\\\/?s={search_term_string}\"},\"query-input\":{\"@type\":\"PropertyValueSpecification\",\"valueRequired\":true,\"valueName\":\"search_term_string\"}}],\"inLanguage\":\"en-US\"},{\"@type\":[\"Person\",\"Organization\"],\"@id\":\"http:\\\/\\\/www.bulentsenocak.com\\\/#\\\/schema\\\/person\\\/d6b6a272870f4cd2600a30e279637d51\",\"name\":\"B\u00fclent \u015eenocak\",\"image\":{\"@type\":\"ImageObject\",\"inLanguage\":\"en-US\",\"@id\":\"https:\\\/\\\/www.bulentsenocak.com\\\/wp-content\\\/uploads\\\/2025\\\/12\\\/logo-1-1.png\",\"url\":\"https:\\\/\\\/www.bulentsenocak.com\\\/wp-content\\\/uploads\\\/2025\\\/12\\\/logo-1-1.png\",\"contentUrl\":\"https:\\\/\\\/www.bulentsenocak.com\\\/wp-content\\\/uploads\\\/2025\\\/12\\\/logo-1-1.png\",\"width\":622,\"height\":412,\"caption\":\"B\u00fclent \u015eenocak\"},\"logo\":{\"@id\":\"https:\\\/\\\/www.bulentsenocak.com\\\/wp-content\\\/uploads\\\/2025\\\/12\\\/logo-1-1.png\"},\"sameAs\":[\"https:\\\/\\\/www.bulentsenocak.com\"]}]}<\/script>\n<!-- \/ Yoast SEO plugin. -->","yoast_head_json":{"title":"B\u00fclent \u015eenocak Resmi Web Sitesi | B\u00fclent \u015eenocak","description":"B\u00fclent \u015eenocak'\u0131n Resmi web sitesidir! Yazar B\u00fclent \u015eenocak'\u0131n t\u00fcm kitaplar\u0131n\u0131 g\u00f6r\u00fcnt\u00fcleyebilir, hakk\u0131nda bilgi edinebilirsiniz.","robots":{"index":"index","follow":"follow","max-snippet":"max-snippet:-1","max-image-preview":"max-image-preview:large","max-video-preview":"max-video-preview:-1"},"canonical":"http:\/\/www.bulentsenocak.com\/en\/","og_locale":"en_US","og_type":"article","og_title":"B\u00fclent \u015eenocak Resmi Web Sitesi | B\u00fclent \u015eenocak","og_description":"B\u00fclent \u015eenocak'\u0131n Resmi web sitesidir! Yazar B\u00fclent \u015eenocak'\u0131n t\u00fcm kitaplar\u0131n\u0131 g\u00f6r\u00fcnt\u00fcleyebilir, hakk\u0131nda bilgi edinebilirsiniz.","og_url":"http:\/\/www.bulentsenocak.com\/en\/","og_site_name":"B&uuml;lent \u015eenocak","article_modified_time":"2025-12-28T20:48:13+00:00","twitter_card":"summary_large_image","schema":{"@context":"https:\/\/schema.org","@graph":[{"@type":"WebPage","@id":"http:\/\/www.bulentsenocak.com\/","url":"http:\/\/www.bulentsenocak.com\/","name":"B\u00fclent \u015eenocak Resmi Web Sitesi | B\u00fclent \u015eenocak","isPartOf":{"@id":"http:\/\/www.bulentsenocak.com\/#website"},"datePublished":"2025-12-19T12:53:55+00:00","dateModified":"2025-12-28T20:48:13+00:00","description":"B\u00fclent \u015eenocak'\u0131n Resmi web sitesidir! Yazar B\u00fclent \u015eenocak'\u0131n t\u00fcm kitaplar\u0131n\u0131 g\u00f6r\u00fcnt\u00fcleyebilir, hakk\u0131nda bilgi edinebilirsiniz.","breadcrumb":{"@id":"http:\/\/www.bulentsenocak.com\/#breadcrumb"},"inLanguage":"en-US","potentialAction":[{"@type":"ReadAction","target":["http:\/\/www.bulentsenocak.com\/"]}]},{"@type":"BreadcrumbList","@id":"http:\/\/www.bulentsenocak.com\/#breadcrumb","itemListElement":[{"@type":"ListItem","position":1,"name":"Home","item":"http:\/\/www.bulentsenocak.com\/"},{"@type":"ListItem","position":2,"name":"Ana Sayfa"}]},{"@type":"WebSite","@id":"http:\/\/www.bulentsenocak.com\/#website","url":"http:\/\/www.bulentsenocak.com\/","name":"B&uuml;lent \u015eenocak","description":"Kalemim, &ouml;zg&uuml;rl&uuml;\u011f&uuml;m&uuml;n kanatlar\u0131d\u0131r.","publisher":{"@id":"http:\/\/www.bulentsenocak.com\/#\/schema\/person\/d6b6a272870f4cd2600a30e279637d51"},"potentialAction":[{"@type":"SearchAction","target":{"@type":"EntryPoint","urlTemplate":"http:\/\/www.bulentsenocak.com\/?s={search_term_string}"},"query-input":{"@type":"PropertyValueSpecification","valueRequired":true,"valueName":"search_term_string"}}],"inLanguage":"en-US"},{"@type":["Person","Organization"],"@id":"http:\/\/www.bulentsenocak.com\/#\/schema\/person\/d6b6a272870f4cd2600a30e279637d51","name":"B\u00fclent \u015eenocak","image":{"@type":"ImageObject","inLanguage":"en-US","@id":"https:\/\/www.bulentsenocak.com\/wp-content\/uploads\/2025\/12\/logo-1-1.png","url":"https:\/\/www.bulentsenocak.com\/wp-content\/uploads\/2025\/12\/logo-1-1.png","contentUrl":"https:\/\/www.bulentsenocak.com\/wp-content\/uploads\/2025\/12\/logo-1-1.png","width":622,"height":412,"caption":"B\u00fclent \u015eenocak"},"logo":{"@id":"https:\/\/www.bulentsenocak.com\/wp-content\/uploads\/2025\/12\/logo-1-1.png"},"sameAs":["https:\/\/www.bulentsenocak.com"]}]}},"_links":{"self":[{"href":"https:\/\/www.bulentsenocak.com\/en\/wp-json\/wp\/v2\/pages\/80","targetHints":{"allow":["GET"]}}],"collection":[{"href":"https:\/\/www.bulentsenocak.com\/en\/wp-json\/wp\/v2\/pages"}],"about":[{"href":"https:\/\/www.bulentsenocak.com\/en\/wp-json\/wp\/v2\/types\/page"}],"author":[{"embeddable":true,"href":"https:\/\/www.bulentsenocak.com\/en\/wp-json\/wp\/v2\/users\/1"}],"replies":[{"embeddable":true,"href":"https:\/\/www.bulentsenocak.com\/en\/wp-json\/wp\/v2\/comments?post=80"}],"version-history":[{"count":23,"href":"https:\/\/www.bulentsenocak.com\/en\/wp-json\/wp\/v2\/pages\/80\/revisions"}],"predecessor-version":[{"id":639,"href":"https:\/\/www.bulentsenocak.com\/en\/wp-json\/wp\/v2\/pages\/80\/revisions\/639"}],"wp:attachment":[{"href":"https:\/\/www.bulentsenocak.com\/en\/wp-json\/wp\/v2\/media?parent=80"}],"curies":[{"name":"wp","href":"https:\/\/api.w.org\/{rel}","templated":true}]}}