{"id":718,"date":"2025-12-28T23:32:24","date_gmt":"2025-12-28T23:32:24","guid":{"rendered":"http:\/\/www.bulentsenocak.com\/?page_id=718"},"modified":"2026-01-04T09:46:39","modified_gmt":"2026-01-04T09:46:39","slug":"ceviri-kitaplar","status":"publish","type":"page","link":"https:\/\/www.bulentsenocak.com\/en\/ceviri-kitaplar\/","title":{"rendered":"Translated Books"},"content":{"rendered":"<div class=\"wp-block-group alignfull product-section is-layout-flow wp-block-group-is-layout-flow\">\n<div style=\"margin-top:0;margin-bottom:0;height:32px\" aria-hidden=\"true\" class=\"wp-block-spacer\"><\/div>\n\n\n\n<div class=\"wp-block-columns service-wrap wow bounceInUp is-layout-flex wp-container-core-columns-is-layout-28f84493 wp-block-columns-is-layout-flex\">\n<div class=\"wp-block-column service-main is-layout-flow wp-block-column-is-layout-flow\">\n<div class=\"wp-block-columns are-vertically-aligned-center has-border-color has-section-border-color-border-color has-section-bg-color-background-color has-background is-layout-flex wp-container-core-columns-is-layout-570cd1ee wp-block-columns-is-layout-flex\" style=\"border-width:1px;border-radius:10px;padding-top:var(--wp--preset--spacing--30);padding-right:var(--wp--preset--spacing--50);padding-bottom:var(--wp--preset--spacing--50);padding-left:var(--wp--preset--spacing--60)\">\n<div class=\"wp-block-column is-vertically-aligned-center is-layout-flow wp-block-column-is-layout-flow\" style=\"flex-basis:40%\">\n<figure class=\"wp-block-image size-full service-main-img\"><img loading=\"lazy\" decoding=\"async\" width=\"880\" height=\"1360\" src=\"http:\/\/www.bulentsenocak.com\/wp-content\/uploads\/2025\/12\/shattered-dreams-4.jpg\" alt=\"Shattered Dreams\" class=\"wp-image-69\" srcset=\"https:\/\/www.bulentsenocak.com\/wp-content\/uploads\/2025\/12\/shattered-dreams-4.jpg 880w, https:\/\/www.bulentsenocak.com\/wp-content\/uploads\/2025\/12\/shattered-dreams-4-194x300.jpg 194w, https:\/\/www.bulentsenocak.com\/wp-content\/uploads\/2025\/12\/shattered-dreams-4-663x1024.jpg 663w, https:\/\/www.bulentsenocak.com\/wp-content\/uploads\/2025\/12\/shattered-dreams-4-768x1187.jpg 768w\" sizes=\"auto, (max-width: 880px) 100vw, 880px\" \/><\/figure>\n<\/div>\n\n\n\n<div class=\"wp-block-column is-vertically-aligned-center is-layout-flow wp-block-column-is-layout-flow\" style=\"flex-basis:60%\">\n<p class=\"has-primary-color has-text-color has-link-color wp-elements-cad842a02896fbc6abb056eddb31be1f\" style=\"font-size:16px\"><strong>International Editions<\/strong><\/p>\n\n\n\n<h2 class=\"wp-block-heading\" style=\"margin-top:0;margin-bottom:0;font-size:20px;font-style:normal;font-weight:700;line-height:1.8\">English Edition of \u201cD\u00fc\u015f Yollarda K\u0131r\u0131ld\u0131\u201d<\/h2>\n\n\n\n<div class=\"wp-block-buttons is-layout-flex wp-block-buttons-is-layout-flex\">\n<div class=\"wp-block-button\"><a class=\"wp-block-button__link wp-element-button\" href=\"https:\/\/www.bulentsenocak.com\/en\/shattered-dreams\/\">View Details<\/a><\/div>\n<\/div>\n<\/div>\n<\/div>\n<\/div>\n\n\n\n<div class=\"wp-block-column service-main is-layout-flow wp-block-column-is-layout-flow\">\n<div class=\"wp-block-columns are-vertically-aligned-center has-border-color has-section-border-color-border-color has-section-bg-color-background-color has-background is-layout-flex wp-container-core-columns-is-layout-570cd1ee wp-block-columns-is-layout-flex\" style=\"border-width:1px;border-radius:10px;padding-top:var(--wp--preset--spacing--30);padding-right:var(--wp--preset--spacing--50);padding-bottom:var(--wp--preset--spacing--50);padding-left:var(--wp--preset--spacing--60)\">\n<div class=\"wp-block-column is-vertically-aligned-center is-layout-flow wp-block-column-is-layout-flow\" style=\"flex-basis:40%\">\n<figure class=\"wp-block-image size-full service-main-img\"><img loading=\"lazy\" decoding=\"async\" width=\"491\" height=\"698\" src=\"http:\/\/www.bulentsenocak.com\/wp-content\/uploads\/2025\/12\/DUS-YOLLARDA-KIRILDI-ARAPCA-KAPAK-3.png\" alt=\"D\u00fc\u015f Yollarda K\u0131r\u0131ld\u0131 (Arap\u00e7a)\" class=\"wp-image-74\" srcset=\"https:\/\/www.bulentsenocak.com\/wp-content\/uploads\/2025\/12\/DUS-YOLLARDA-KIRILDI-ARAPCA-KAPAK-3.png 491w, https:\/\/www.bulentsenocak.com\/wp-content\/uploads\/2025\/12\/DUS-YOLLARDA-KIRILDI-ARAPCA-KAPAK-3-211x300.png 211w\" sizes=\"auto, (max-width: 491px) 100vw, 491px\" \/><\/figure>\n<\/div>\n\n\n\n<div class=\"wp-block-column is-vertically-aligned-center is-layout-flow wp-block-column-is-layout-flow\" style=\"flex-basis:60%\">\n<p class=\"has-primary-color has-text-color has-link-color wp-elements-cad842a02896fbc6abb056eddb31be1f\" style=\"font-size:16px\"><strong>International Editions<\/strong><\/p>\n\n\n\n<h2 class=\"wp-block-heading\" style=\"margin-top:0;margin-bottom:0;font-size:20px;font-style:normal;font-weight:700;line-height:1.8\">D\u00fc\u015f Yollarda K\u0131r\u0131ld\u0131 (Arap\u00e7a)<\/h2>\n\n\n\n<div class=\"wp-block-buttons is-layout-flex wp-block-buttons-is-layout-flex\">\n<div class=\"wp-block-button\"><a class=\"wp-block-button__link wp-element-button\" href=\"https:\/\/www.bulentsenocak.com\/en\/dus-yollarda-kirildi-arapca-ceviri\/\">View Details<\/a><\/div>\n<\/div>\n<\/div>\n<\/div>\n<\/div>\n\n\n\n<div class=\"wp-block-column service-main is-layout-flow wp-block-column-is-layout-flow\">\n<div class=\"wp-block-columns are-vertically-aligned-center has-border-color has-section-border-color-border-color has-section-bg-color-background-color has-background is-layout-flex wp-container-core-columns-is-layout-570cd1ee wp-block-columns-is-layout-flex\" style=\"border-width:1px;border-radius:10px;padding-top:var(--wp--preset--spacing--30);padding-right:var(--wp--preset--spacing--50);padding-bottom:var(--wp--preset--spacing--50);padding-left:var(--wp--preset--spacing--60)\">\n<div class=\"wp-block-column is-vertically-aligned-center is-layout-flow wp-block-column-is-layout-flow\" style=\"flex-basis:40%\">\n<figure class=\"wp-block-image size-full service-main-img\"><img loading=\"lazy\" decoding=\"async\" width=\"1000\" height=\"1561\" src=\"http:\/\/www.bulentsenocak.com\/wp-content\/uploads\/2025\/12\/sogni-infranti-senocak-2.jpg\" alt=\"Sogni Ifranti\" class=\"wp-image-75\" srcset=\"https:\/\/www.bulentsenocak.com\/wp-content\/uploads\/2025\/12\/sogni-infranti-senocak-2.jpg 1000w, https:\/\/www.bulentsenocak.com\/wp-content\/uploads\/2025\/12\/sogni-infranti-senocak-2-192x300.jpg 192w, https:\/\/www.bulentsenocak.com\/wp-content\/uploads\/2025\/12\/sogni-infranti-senocak-2-656x1024.jpg 656w, https:\/\/www.bulentsenocak.com\/wp-content\/uploads\/2025\/12\/sogni-infranti-senocak-2-768x1199.jpg 768w, https:\/\/www.bulentsenocak.com\/wp-content\/uploads\/2025\/12\/sogni-infranti-senocak-2-984x1536.jpg 984w\" sizes=\"auto, (max-width: 1000px) 100vw, 1000px\" \/><\/figure>\n<\/div>\n\n\n\n<div class=\"wp-block-column is-vertically-aligned-center is-layout-flow wp-block-column-is-layout-flow\" style=\"flex-basis:60%\">\n<p class=\"has-primary-color has-text-color has-link-color wp-elements-cad842a02896fbc6abb056eddb31be1f\" style=\"font-size:16px\"><strong>International Editions<\/strong><\/p>\n\n\n\n<h2 class=\"wp-block-heading\" style=\"margin-top:0;margin-bottom:0;font-size:20px;font-style:normal;font-weight:700;line-height:1.8\">Italian Edition of \u201cD\u00fc\u015f Yollarda K\u0131r\u0131ld\u0131\u201d<\/h2>\n\n\n\n<div class=\"wp-block-buttons is-layout-flex wp-block-buttons-is-layout-flex\">\n<div class=\"wp-block-button\"><a class=\"wp-block-button__link wp-element-button\" href=\"https:\/\/www.bulentsenocak.com\/en\/dus-yollarda-kirildi-italyanca-ceviri\/\">View Details<\/a><\/div>\n<\/div>\n<\/div>\n<\/div>\n<\/div>\n<\/div>\n\n\n\n<div style=\"margin-top:0;margin-bottom:0;height:32px\" aria-hidden=\"true\" class=\"wp-block-spacer\"><\/div>\n\n\n\n<div class=\"wp-block-columns service-wrap wow bounceInUp is-layout-flex wp-container-core-columns-is-layout-28f84493 wp-block-columns-is-layout-flex\">\n<div class=\"wp-block-column service-main is-layout-flow wp-block-column-is-layout-flow\">\n<div class=\"wp-block-columns are-vertically-aligned-center has-border-color has-section-border-color-border-color has-section-bg-color-background-color has-background is-layout-flex wp-container-core-columns-is-layout-570cd1ee wp-block-columns-is-layout-flex\" style=\"border-width:1px;border-radius:10px;padding-top:var(--wp--preset--spacing--30);padding-right:var(--wp--preset--spacing--50);padding-bottom:var(--wp--preset--spacing--50);padding-left:var(--wp--preset--spacing--60)\">\n<div class=\"wp-block-column is-vertically-aligned-center is-layout-flow wp-block-column-is-layout-flow\" style=\"flex-basis:40%\">\n<figure class=\"wp-block-image size-full service-main-img\"><img loading=\"lazy\" decoding=\"async\" width=\"447\" height=\"658\" src=\"http:\/\/www.bulentsenocak.com\/wp-content\/uploads\/2025\/12\/STAR-OF-LEVANT-YUNANCA-1.png\" alt=\"Levant\u2019\u0131n Y\u0131ld\u0131z\u0131 \u0130zmir (Yunanca)\" class=\"wp-image-76\" srcset=\"https:\/\/www.bulentsenocak.com\/wp-content\/uploads\/2025\/12\/STAR-OF-LEVANT-YUNANCA-1.png 447w, https:\/\/www.bulentsenocak.com\/wp-content\/uploads\/2025\/12\/STAR-OF-LEVANT-YUNANCA-1-204x300.png 204w\" sizes=\"auto, (max-width: 447px) 100vw, 447px\" \/><\/figure>\n<\/div>\n\n\n\n<div class=\"wp-block-column is-vertically-aligned-center is-layout-flow wp-block-column-is-layout-flow\" style=\"flex-basis:60%\">\n<p class=\"has-primary-color has-text-color has-link-color wp-elements-cad842a02896fbc6abb056eddb31be1f\" style=\"font-size:16px\"><strong>International Editions<\/strong><\/p>\n\n\n\n<h2 class=\"wp-block-heading\" style=\"margin-top:0;margin-bottom:0;font-size:20px;font-style:normal;font-weight:700;line-height:1.8\">Levant&#8217;\u0131n Y\u0131ld\u0131z\u0131 \u0130zmir (Yunanca \u00c7eviri)<\/h2>\n\n\n\n<div class=\"wp-block-buttons is-layout-flex wp-block-buttons-is-layout-flex\">\n<div class=\"wp-block-button\"><a class=\"wp-block-button__link wp-element-button\" href=\"https:\/\/www.bulentsenocak.com\/en\/levantin-yildizi-izmir-yunanca-ceviri\/\">View Details<\/a><\/div>\n<\/div>\n<\/div>\n<\/div>\n<\/div>\n\n\n\n<div class=\"wp-block-column service-main is-layout-flow wp-block-column-is-layout-flow\">\n<div class=\"wp-block-columns are-vertically-aligned-center has-border-color has-section-border-color-border-color has-section-bg-color-background-color has-background is-layout-flex wp-container-core-columns-is-layout-570cd1ee wp-block-columns-is-layout-flex\" style=\"border-width:1px;border-radius:10px;padding-top:var(--wp--preset--spacing--30);padding-right:var(--wp--preset--spacing--50);padding-bottom:var(--wp--preset--spacing--50);padding-left:var(--wp--preset--spacing--60)\">\n<div class=\"wp-block-column is-vertically-aligned-center is-layout-flow wp-block-column-is-layout-flow\" style=\"flex-basis:40%\">\n<figure class=\"wp-block-image size-full service-main-img\"><img loading=\"lazy\" decoding=\"async\" width=\"774\" height=\"1161\" src=\"http:\/\/www.bulentsenocak.com\/wp-content\/uploads\/2025\/12\/SMYRNA-ON-KAPAK-SON-1.jpg\" alt=\"Smyrna: The Rise of an Ancient City\" class=\"wp-image-151\" srcset=\"https:\/\/www.bulentsenocak.com\/wp-content\/uploads\/2025\/12\/SMYRNA-ON-KAPAK-SON-1.jpg 774w, https:\/\/www.bulentsenocak.com\/wp-content\/uploads\/2025\/12\/SMYRNA-ON-KAPAK-SON-1-200x300.jpg 200w, https:\/\/www.bulentsenocak.com\/wp-content\/uploads\/2025\/12\/SMYRNA-ON-KAPAK-SON-1-683x1024.jpg 683w, https:\/\/www.bulentsenocak.com\/wp-content\/uploads\/2025\/12\/SMYRNA-ON-KAPAK-SON-1-768x1152.jpg 768w\" sizes=\"auto, (max-width: 774px) 100vw, 774px\" \/><\/figure>\n<\/div>\n\n\n\n<div class=\"wp-block-column is-vertically-aligned-center is-layout-flow wp-block-column-is-layout-flow\" style=\"flex-basis:60%\">\n<p class=\"has-primary-color has-text-color has-link-color wp-elements-cad842a02896fbc6abb056eddb31be1f\" style=\"font-size:16px\"><strong>International Editions<\/strong><\/p>\n\n\n\n<h2 class=\"wp-block-heading\" style=\"margin-top:0;margin-bottom:0;font-size:20px;font-style:normal;font-weight:700;line-height:1.8\">Smyrna: The Rise of an Ancient City<\/h2>\n\n\n\n<div class=\"wp-block-buttons is-layout-flex wp-block-buttons-is-layout-flex\">\n<div class=\"wp-block-button\"><a class=\"wp-block-button__link wp-element-button\" href=\"https:\/\/www.bulentsenocak.com\/en\/smyrna-the-rise-of-an-ancient-city\/\">View Details<\/a><\/div>\n<\/div>\n<\/div>\n<\/div>\n<\/div>\n\n\n\n<div class=\"wp-block-column service-main is-layout-flow wp-block-column-is-layout-flow\">\n<div class=\"wp-block-columns are-vertically-aligned-center has-border-color has-section-border-color-border-color has-section-bg-color-background-color has-background is-layout-flex wp-container-core-columns-is-layout-570cd1ee wp-block-columns-is-layout-flex\" style=\"border-width:1px;border-radius:10px;padding-top:var(--wp--preset--spacing--30);padding-right:var(--wp--preset--spacing--50);padding-bottom:var(--wp--preset--spacing--50);padding-left:var(--wp--preset--spacing--60)\">\n<div class=\"wp-block-column is-vertically-aligned-center is-layout-flow wp-block-column-is-layout-flow\" style=\"flex-basis:40%\">\n<figure class=\"wp-block-image size-full service-main-img\"><img loading=\"lazy\" decoding=\"async\" width=\"774\" height=\"1161\" src=\"http:\/\/www.bulentsenocak.com\/wp-content\/uploads\/2025\/12\/IZMIR-ON-KAPAK-SON-1.jpg\" alt=\"\u0130zmir: Reborn from Its Ashes\" class=\"wp-image-152\" srcset=\"https:\/\/www.bulentsenocak.com\/wp-content\/uploads\/2025\/12\/IZMIR-ON-KAPAK-SON-1.jpg 774w, https:\/\/www.bulentsenocak.com\/wp-content\/uploads\/2025\/12\/IZMIR-ON-KAPAK-SON-1-200x300.jpg 200w, https:\/\/www.bulentsenocak.com\/wp-content\/uploads\/2025\/12\/IZMIR-ON-KAPAK-SON-1-683x1024.jpg 683w, https:\/\/www.bulentsenocak.com\/wp-content\/uploads\/2025\/12\/IZMIR-ON-KAPAK-SON-1-768x1152.jpg 768w\" sizes=\"auto, (max-width: 774px) 100vw, 774px\" \/><\/figure>\n<\/div>\n\n\n\n<div class=\"wp-block-column is-vertically-aligned-center is-layout-flow wp-block-column-is-layout-flow\" style=\"flex-basis:60%\">\n<p class=\"has-primary-color has-text-color has-link-color wp-elements-cad842a02896fbc6abb056eddb31be1f\" style=\"font-size:16px\"><strong>International Editions<\/strong><\/p>\n\n\n\n<h2 class=\"wp-block-heading\" style=\"margin-top:0;margin-bottom:0;font-size:20px;font-style:normal;font-weight:700;line-height:1.8\">\u0130zmir: Reborn from Its Ashes<\/h2>\n\n\n\n<div class=\"wp-block-buttons is-layout-flex wp-block-buttons-is-layout-flex\">\n<div class=\"wp-block-button\"><a class=\"wp-block-button__link wp-element-button\" href=\"https:\/\/www.bulentsenocak.com\/en\/izmir-reborn-from-its-ashes\/\">View Details<\/a><\/div>\n<\/div>\n<\/div>\n<\/div>\n<\/div>\n<\/div>\n<\/div>\n\n\n\n<p><\/p>","protected":false},"excerpt":{"rendered":"<p>\u00c7eviri Kitaplar\u0131m D\u00fc\u015f Yollarda K\u0131r\u0131ld\u0131 (\u0130ngilizce \u00c7eviri) \u00c7eviri Kitaplar\u0131m D\u00fc\u015f Yollarda K\u0131r\u0131ld\u0131 (Arap\u00e7a) \u00c7eviri Kitaplar\u0131m D\u00fc\u015f Yollarda K\u0131r\u0131ld\u0131 (\u0130talyanca \u00c7eviri) \u00c7eviri Kitaplar\u0131m Levant&#8217;\u0131n Y\u0131ld\u0131z\u0131 \u0130zmir (Yunanca \u00c7eviri) \u00c7eviri Kitaplar\u0131m Smyrna: The Rise of an Ancient City \u00c7eviri Kitaplar\u0131m \u0130zmir: Reborn from Its Ashes<\/p>","protected":false},"author":2,"featured_media":0,"parent":0,"menu_order":0,"comment_status":"closed","ping_status":"closed","template":"","meta":{"footnotes":""},"class_list":["post-718","page","type-page","status-publish","hentry"],"yoast_head":"<!-- This site is optimized with the Yoast SEO plugin v27.5 - https:\/\/yoast.com\/product\/yoast-seo-wordpress\/ -->\n<title>\u00c7eviri Kitaplar: B\u00fclent \u015eenocak&#039;\u0131n Kaleminden | B\u00fclent \u015eenocak<\/title>\n<meta name=\"description\" content=\"B\u00fclent \u015eenocak&#039;\u0131n muhtelif \u00fclkelerde ve dillerde yay\u0131mlanan \u00e7eviri kitaplar\u0131n\u0131 g\u00f6r\u00fcnt\u00fclemek, incelemek ve bilgi almak i\u00e7in t\u0131klay\u0131n!\" \/>\n<meta name=\"robots\" content=\"index, follow, max-snippet:-1, max-image-preview:large, max-video-preview:-1\" \/>\n<link rel=\"canonical\" href=\"https:\/\/www.bulentsenocak.com\/en\/ceviri-kitaplar\/\" \/>\n<meta property=\"og:locale\" content=\"en_US\" \/>\n<meta property=\"og:type\" content=\"article\" \/>\n<meta property=\"og:title\" content=\"\u00c7eviri Kitaplar: B\u00fclent \u015eenocak&#039;\u0131n Kaleminden | B\u00fclent \u015eenocak\" \/>\n<meta property=\"og:description\" content=\"B\u00fclent \u015eenocak&#039;\u0131n muhtelif \u00fclkelerde ve dillerde yay\u0131mlanan \u00e7eviri kitaplar\u0131n\u0131 g\u00f6r\u00fcnt\u00fclemek, incelemek ve bilgi almak i\u00e7in t\u0131klay\u0131n!\" \/>\n<meta property=\"og:url\" content=\"https:\/\/www.bulentsenocak.com\/en\/ceviri-kitaplar\/\" \/>\n<meta property=\"og:site_name\" content=\"B&uuml;lent \u015eenocak\" \/>\n<meta property=\"article:modified_time\" content=\"2026-01-04T09:46:39+00:00\" \/>\n<meta property=\"og:image\" content=\"https:\/\/www.bulentsenocak.com\/wp-content\/uploads\/2025\/12\/shattered-dreams-4.jpg\" \/>\n\t<meta property=\"og:image:width\" content=\"880\" \/>\n\t<meta property=\"og:image:height\" content=\"1360\" \/>\n\t<meta property=\"og:image:type\" content=\"image\/jpeg\" \/>\n<meta name=\"twitter:card\" content=\"summary_large_image\" \/>\n<meta name=\"twitter:label1\" content=\"Est. reading time\" \/>\n\t<meta name=\"twitter:data1\" content=\"2 minutes\" \/>\n<script type=\"application\/ld+json\" class=\"yoast-schema-graph\">{\"@context\":\"https:\\\/\\\/schema.org\",\"@graph\":[{\"@type\":\"WebPage\",\"@id\":\"https:\\\/\\\/www.bulentsenocak.com\\\/ceviri-kitaplar\\\/\",\"url\":\"https:\\\/\\\/www.bulentsenocak.com\\\/ceviri-kitaplar\\\/\",\"name\":\"\u00c7eviri Kitaplar: B\u00fclent \u015eenocak'\u0131n Kaleminden | B\u00fclent \u015eenocak\",\"isPartOf\":{\"@id\":\"http:\\\/\\\/www.bulentsenocak.com\\\/#website\"},\"primaryImageOfPage\":{\"@id\":\"https:\\\/\\\/www.bulentsenocak.com\\\/ceviri-kitaplar\\\/#primaryimage\"},\"image\":{\"@id\":\"https:\\\/\\\/www.bulentsenocak.com\\\/ceviri-kitaplar\\\/#primaryimage\"},\"thumbnailUrl\":\"http:\\\/\\\/www.bulentsenocak.com\\\/wp-content\\\/uploads\\\/2025\\\/12\\\/shattered-dreams-4.jpg\",\"datePublished\":\"2025-12-28T23:32:24+00:00\",\"dateModified\":\"2026-01-04T09:46:39+00:00\",\"description\":\"B\u00fclent \u015eenocak'\u0131n muhtelif \u00fclkelerde ve dillerde yay\u0131mlanan \u00e7eviri kitaplar\u0131n\u0131 g\u00f6r\u00fcnt\u00fclemek, incelemek ve bilgi almak i\u00e7in t\u0131klay\u0131n!\",\"breadcrumb\":{\"@id\":\"https:\\\/\\\/www.bulentsenocak.com\\\/ceviri-kitaplar\\\/#breadcrumb\"},\"inLanguage\":\"en-US\",\"potentialAction\":[{\"@type\":\"ReadAction\",\"target\":[\"https:\\\/\\\/www.bulentsenocak.com\\\/ceviri-kitaplar\\\/\"]}]},{\"@type\":\"ImageObject\",\"inLanguage\":\"en-US\",\"@id\":\"https:\\\/\\\/www.bulentsenocak.com\\\/ceviri-kitaplar\\\/#primaryimage\",\"url\":\"http:\\\/\\\/www.bulentsenocak.com\\\/wp-content\\\/uploads\\\/2025\\\/12\\\/shattered-dreams-4.jpg\",\"contentUrl\":\"http:\\\/\\\/www.bulentsenocak.com\\\/wp-content\\\/uploads\\\/2025\\\/12\\\/shattered-dreams-4.jpg\"},{\"@type\":\"BreadcrumbList\",\"@id\":\"https:\\\/\\\/www.bulentsenocak.com\\\/ceviri-kitaplar\\\/#breadcrumb\",\"itemListElement\":[{\"@type\":\"ListItem\",\"position\":1,\"name\":\"Home\",\"item\":\"http:\\\/\\\/www.bulentsenocak.com\\\/\"},{\"@type\":\"ListItem\",\"position\":2,\"name\":\"\u00c7eviri Kitaplar\"}]},{\"@type\":\"WebSite\",\"@id\":\"http:\\\/\\\/www.bulentsenocak.com\\\/#website\",\"url\":\"http:\\\/\\\/www.bulentsenocak.com\\\/\",\"name\":\"B&uuml;lent \u015eenocak\",\"description\":\"Kalemim, &ouml;zg&uuml;rl&uuml;\u011f&uuml;m&uuml;n kanatlar\u0131d\u0131r.\",\"publisher\":{\"@id\":\"http:\\\/\\\/www.bulentsenocak.com\\\/#\\\/schema\\\/person\\\/d6b6a272870f4cd2600a30e279637d51\"},\"potentialAction\":[{\"@type\":\"SearchAction\",\"target\":{\"@type\":\"EntryPoint\",\"urlTemplate\":\"http:\\\/\\\/www.bulentsenocak.com\\\/?s={search_term_string}\"},\"query-input\":{\"@type\":\"PropertyValueSpecification\",\"valueRequired\":true,\"valueName\":\"search_term_string\"}}],\"inLanguage\":\"en-US\"},{\"@type\":[\"Person\",\"Organization\"],\"@id\":\"http:\\\/\\\/www.bulentsenocak.com\\\/#\\\/schema\\\/person\\\/d6b6a272870f4cd2600a30e279637d51\",\"name\":\"B\u00fclent \u015eenocak\",\"image\":{\"@type\":\"ImageObject\",\"inLanguage\":\"en-US\",\"@id\":\"https:\\\/\\\/www.bulentsenocak.com\\\/wp-content\\\/uploads\\\/2025\\\/12\\\/logo-1-1.png\",\"url\":\"https:\\\/\\\/www.bulentsenocak.com\\\/wp-content\\\/uploads\\\/2025\\\/12\\\/logo-1-1.png\",\"contentUrl\":\"https:\\\/\\\/www.bulentsenocak.com\\\/wp-content\\\/uploads\\\/2025\\\/12\\\/logo-1-1.png\",\"width\":622,\"height\":412,\"caption\":\"B\u00fclent \u015eenocak\"},\"logo\":{\"@id\":\"https:\\\/\\\/www.bulentsenocak.com\\\/wp-content\\\/uploads\\\/2025\\\/12\\\/logo-1-1.png\"},\"sameAs\":[\"https:\\\/\\\/www.bulentsenocak.com\"]}]}<\/script>\n<!-- \/ Yoast SEO plugin. -->","yoast_head_json":{"title":"\u00c7eviri Kitaplar: B\u00fclent \u015eenocak'\u0131n Kaleminden | B\u00fclent \u015eenocak","description":"B\u00fclent \u015eenocak'\u0131n muhtelif \u00fclkelerde ve dillerde yay\u0131mlanan \u00e7eviri kitaplar\u0131n\u0131 g\u00f6r\u00fcnt\u00fclemek, incelemek ve bilgi almak i\u00e7in t\u0131klay\u0131n!","robots":{"index":"index","follow":"follow","max-snippet":"max-snippet:-1","max-image-preview":"max-image-preview:large","max-video-preview":"max-video-preview:-1"},"canonical":"https:\/\/www.bulentsenocak.com\/en\/ceviri-kitaplar\/","og_locale":"en_US","og_type":"article","og_title":"\u00c7eviri Kitaplar: B\u00fclent \u015eenocak'\u0131n Kaleminden | B\u00fclent \u015eenocak","og_description":"B\u00fclent \u015eenocak'\u0131n muhtelif \u00fclkelerde ve dillerde yay\u0131mlanan \u00e7eviri kitaplar\u0131n\u0131 g\u00f6r\u00fcnt\u00fclemek, incelemek ve bilgi almak i\u00e7in t\u0131klay\u0131n!","og_url":"https:\/\/www.bulentsenocak.com\/en\/ceviri-kitaplar\/","og_site_name":"B&uuml;lent \u015eenocak","article_modified_time":"2026-01-04T09:46:39+00:00","og_image":[{"width":880,"height":1360,"url":"https:\/\/www.bulentsenocak.com\/wp-content\/uploads\/2025\/12\/shattered-dreams-4.jpg","type":"image\/jpeg"}],"twitter_card":"summary_large_image","twitter_misc":{"Est. reading time":"2 minutes"},"schema":{"@context":"https:\/\/schema.org","@graph":[{"@type":"WebPage","@id":"https:\/\/www.bulentsenocak.com\/ceviri-kitaplar\/","url":"https:\/\/www.bulentsenocak.com\/ceviri-kitaplar\/","name":"\u00c7eviri Kitaplar: B\u00fclent \u015eenocak'\u0131n Kaleminden | B\u00fclent \u015eenocak","isPartOf":{"@id":"http:\/\/www.bulentsenocak.com\/#website"},"primaryImageOfPage":{"@id":"https:\/\/www.bulentsenocak.com\/ceviri-kitaplar\/#primaryimage"},"image":{"@id":"https:\/\/www.bulentsenocak.com\/ceviri-kitaplar\/#primaryimage"},"thumbnailUrl":"http:\/\/www.bulentsenocak.com\/wp-content\/uploads\/2025\/12\/shattered-dreams-4.jpg","datePublished":"2025-12-28T23:32:24+00:00","dateModified":"2026-01-04T09:46:39+00:00","description":"B\u00fclent \u015eenocak'\u0131n muhtelif \u00fclkelerde ve dillerde yay\u0131mlanan \u00e7eviri kitaplar\u0131n\u0131 g\u00f6r\u00fcnt\u00fclemek, incelemek ve bilgi almak i\u00e7in t\u0131klay\u0131n!","breadcrumb":{"@id":"https:\/\/www.bulentsenocak.com\/ceviri-kitaplar\/#breadcrumb"},"inLanguage":"en-US","potentialAction":[{"@type":"ReadAction","target":["https:\/\/www.bulentsenocak.com\/ceviri-kitaplar\/"]}]},{"@type":"ImageObject","inLanguage":"en-US","@id":"https:\/\/www.bulentsenocak.com\/ceviri-kitaplar\/#primaryimage","url":"http:\/\/www.bulentsenocak.com\/wp-content\/uploads\/2025\/12\/shattered-dreams-4.jpg","contentUrl":"http:\/\/www.bulentsenocak.com\/wp-content\/uploads\/2025\/12\/shattered-dreams-4.jpg"},{"@type":"BreadcrumbList","@id":"https:\/\/www.bulentsenocak.com\/ceviri-kitaplar\/#breadcrumb","itemListElement":[{"@type":"ListItem","position":1,"name":"Home","item":"http:\/\/www.bulentsenocak.com\/"},{"@type":"ListItem","position":2,"name":"\u00c7eviri Kitaplar"}]},{"@type":"WebSite","@id":"http:\/\/www.bulentsenocak.com\/#website","url":"http:\/\/www.bulentsenocak.com\/","name":"B&uuml;lent \u015eenocak","description":"Kalemim, &ouml;zg&uuml;rl&uuml;\u011f&uuml;m&uuml;n kanatlar\u0131d\u0131r.","publisher":{"@id":"http:\/\/www.bulentsenocak.com\/#\/schema\/person\/d6b6a272870f4cd2600a30e279637d51"},"potentialAction":[{"@type":"SearchAction","target":{"@type":"EntryPoint","urlTemplate":"http:\/\/www.bulentsenocak.com\/?s={search_term_string}"},"query-input":{"@type":"PropertyValueSpecification","valueRequired":true,"valueName":"search_term_string"}}],"inLanguage":"en-US"},{"@type":["Person","Organization"],"@id":"http:\/\/www.bulentsenocak.com\/#\/schema\/person\/d6b6a272870f4cd2600a30e279637d51","name":"B\u00fclent \u015eenocak","image":{"@type":"ImageObject","inLanguage":"en-US","@id":"https:\/\/www.bulentsenocak.com\/wp-content\/uploads\/2025\/12\/logo-1-1.png","url":"https:\/\/www.bulentsenocak.com\/wp-content\/uploads\/2025\/12\/logo-1-1.png","contentUrl":"https:\/\/www.bulentsenocak.com\/wp-content\/uploads\/2025\/12\/logo-1-1.png","width":622,"height":412,"caption":"B\u00fclent \u015eenocak"},"logo":{"@id":"https:\/\/www.bulentsenocak.com\/wp-content\/uploads\/2025\/12\/logo-1-1.png"},"sameAs":["https:\/\/www.bulentsenocak.com"]}]}},"_links":{"self":[{"href":"https:\/\/www.bulentsenocak.com\/en\/wp-json\/wp\/v2\/pages\/718","targetHints":{"allow":["GET"]}}],"collection":[{"href":"https:\/\/www.bulentsenocak.com\/en\/wp-json\/wp\/v2\/pages"}],"about":[{"href":"https:\/\/www.bulentsenocak.com\/en\/wp-json\/wp\/v2\/types\/page"}],"author":[{"embeddable":true,"href":"https:\/\/www.bulentsenocak.com\/en\/wp-json\/wp\/v2\/users\/2"}],"replies":[{"embeddable":true,"href":"https:\/\/www.bulentsenocak.com\/en\/wp-json\/wp\/v2\/comments?post=718"}],"version-history":[{"count":6,"href":"https:\/\/www.bulentsenocak.com\/en\/wp-json\/wp\/v2\/pages\/718\/revisions"}],"predecessor-version":[{"id":989,"href":"https:\/\/www.bulentsenocak.com\/en\/wp-json\/wp\/v2\/pages\/718\/revisions\/989"}],"wp:attachment":[{"href":"https:\/\/www.bulentsenocak.com\/en\/wp-json\/wp\/v2\/media?parent=718"}],"curies":[{"name":"wp","href":"https:\/\/api.w.org\/{rel}","templated":true}]}}