{"id":716,"date":"2025-12-28T23:31:53","date_gmt":"2025-12-28T23:31:53","guid":{"rendered":"http:\/\/www.bulentsenocak.com\/?page_id=716"},"modified":"2026-01-22T17:35:45","modified_gmt":"2026-01-22T17:35:45","slug":"yeni-cikan-kitaplar","status":"publish","type":"page","link":"https:\/\/www.bulentsenocak.com\/en\/yeni-cikan-kitaplar\/","title":{"rendered":"New Book Releases"},"content":{"rendered":"<div class=\"wp-block-group alignfull product-section is-layout-flow wp-block-group-is-layout-flow\">\n<div style=\"margin-top:0;margin-bottom:0;height:32px\" aria-hidden=\"true\" class=\"wp-block-spacer\"><\/div>\n\n\n\n<div class=\"wp-block-columns service-wrap wow bounceInUp is-layout-flex wp-container-core-columns-is-layout-28f84493 wp-block-columns-is-layout-flex\">\n<div class=\"wp-block-column service-main is-layout-flow wp-block-column-is-layout-flow\">\n<div class=\"wp-block-columns are-vertically-aligned-center has-border-color has-section-border-color-border-color has-section-bg-color-background-color has-background is-layout-flex wp-container-core-columns-is-layout-570cd1ee wp-block-columns-is-layout-flex\" style=\"border-width:1px;border-radius:10px;padding-top:var(--wp--preset--spacing--30);padding-right:var(--wp--preset--spacing--50);padding-bottom:var(--wp--preset--spacing--50);padding-left:var(--wp--preset--spacing--60)\">\n<div class=\"wp-block-column is-vertically-aligned-center is-layout-flow wp-block-column-is-layout-flow\" style=\"flex-basis:40%\">\n<figure class=\"wp-block-image size-full service-main-img\"><img loading=\"lazy\" decoding=\"async\" width=\"762\" height=\"1082\" src=\"http:\/\/www.bulentsenocak.com\/wp-content\/uploads\/2025\/12\/IZMIRIN-SESSIZ-CIGLIGI-KAPAK-1.jpg\" alt=\"\u0130ZM\u0130R\u2019in Sessiz \u00c7\u0131\u011fl\u0131\u011f\u0131\" class=\"wp-image-149\" srcset=\"https:\/\/www.bulentsenocak.com\/wp-content\/uploads\/2025\/12\/IZMIRIN-SESSIZ-CIGLIGI-KAPAK-1.jpg 762w, https:\/\/www.bulentsenocak.com\/wp-content\/uploads\/2025\/12\/IZMIRIN-SESSIZ-CIGLIGI-KAPAK-1-211x300.jpg 211w, https:\/\/www.bulentsenocak.com\/wp-content\/uploads\/2025\/12\/IZMIRIN-SESSIZ-CIGLIGI-KAPAK-1-721x1024.jpg 721w\" sizes=\"auto, (max-width: 762px) 100vw, 762px\" \/><\/figure>\n<\/div>\n\n\n\n<div class=\"wp-block-column is-vertically-aligned-center is-layout-flow wp-block-column-is-layout-flow\" style=\"flex-basis:60%\">\n<p class=\"has-primary-color has-text-color has-link-color wp-elements-6345b21c3d41aa00bb3275d5bb6dd1ab\" style=\"font-size:16px\"><strong>My New Books<\/strong><\/p>\n\n\n\n<h2 class=\"wp-block-heading\" style=\"margin-top:0;margin-bottom:0;font-size:20px;font-style:normal;font-weight:700;line-height:1.8\">\u0130zmir\u2019in Sessiz \u00c7\u0131\u011fl\u0131\u011f\u0131<\/h2>\n\n\n\n<p class=\"has-vivid-red-color has-text-color has-link-color has-extra-small-font-size wp-elements-d71bda1c335d40c2e3f6973b470c6ede\"><mark style=\"background-color:rgba(0, 0, 0, 0);color:#00d084\" class=\"has-inline-color\"><em><strong>Now On YAKIN!<\/strong><\/em>!<\/mark><\/p>\n\n\n\n<div class=\"wp-block-buttons is-layout-flex wp-block-buttons-is-layout-flex\">\n<div class=\"wp-block-button\"><a class=\"wp-block-button__link wp-element-button\" href=\"https:\/\/www.bulentsenocak.com\/en\/izmirin-sessiz-cigligi\/\">View Details<\/a><\/div>\n<\/div>\n<\/div>\n<\/div>\n<\/div>\n\n\n\n<div class=\"wp-block-column service-main is-layout-flow wp-block-column-is-layout-flow\">\n<div class=\"wp-block-columns are-vertically-aligned-center has-border-color has-section-border-color-border-color has-section-bg-color-background-color has-background is-layout-flex wp-container-core-columns-is-layout-570cd1ee wp-block-columns-is-layout-flex\" style=\"border-width:1px;border-radius:10px;padding-top:var(--wp--preset--spacing--30);padding-right:var(--wp--preset--spacing--50);padding-bottom:var(--wp--preset--spacing--50);padding-left:var(--wp--preset--spacing--60)\">\n<div class=\"wp-block-column is-vertically-aligned-center is-layout-flow wp-block-column-is-layout-flow\" style=\"flex-basis:40%\">\n<figure class=\"wp-block-image size-full service-main-img\"><img loading=\"lazy\" decoding=\"async\" width=\"774\" height=\"1161\" src=\"http:\/\/www.bulentsenocak.com\/wp-content\/uploads\/2025\/12\/SMYRNA-ON-KAPAK-SON-1.jpg\" alt=\"Smyrna: The Rise of an Ancient City\" class=\"wp-image-151\" srcset=\"https:\/\/www.bulentsenocak.com\/wp-content\/uploads\/2025\/12\/SMYRNA-ON-KAPAK-SON-1.jpg 774w, https:\/\/www.bulentsenocak.com\/wp-content\/uploads\/2025\/12\/SMYRNA-ON-KAPAK-SON-1-200x300.jpg 200w, https:\/\/www.bulentsenocak.com\/wp-content\/uploads\/2025\/12\/SMYRNA-ON-KAPAK-SON-1-683x1024.jpg 683w, https:\/\/www.bulentsenocak.com\/wp-content\/uploads\/2025\/12\/SMYRNA-ON-KAPAK-SON-1-768x1152.jpg 768w\" sizes=\"auto, (max-width: 774px) 100vw, 774px\" \/><\/figure>\n<\/div>\n\n\n\n<div class=\"wp-block-column is-vertically-aligned-center is-layout-flow wp-block-column-is-layout-flow\" style=\"flex-basis:60%\">\n<p class=\"has-primary-color has-text-color has-link-color wp-elements-6345b21c3d41aa00bb3275d5bb6dd1ab\" style=\"font-size:16px\"><strong>My New Books<\/strong><\/p>\n\n\n\n<h2 class=\"wp-block-heading\" style=\"margin-top:0;margin-bottom:0;font-size:20px;font-style:normal;font-weight:700;line-height:1.8\">Smyrna: The Rise of an Ancient City<\/h2>\n\n\n\n<p class=\"has-vivid-red-color has-text-color has-link-color has-extra-small-font-size wp-elements-c99171dc6445906f1677afe53cb1c4ee\"><em><strong><mark style=\"background-color:rgba(0, 0, 0, 0);color:#00d084\" class=\"has-inline-color\">Now on Amazon!<\/mark><\/strong><\/em><\/p>\n\n\n\n<div class=\"wp-block-buttons is-layout-flex wp-block-buttons-is-layout-flex\">\n<div class=\"wp-block-button\"><a class=\"wp-block-button__link wp-element-button\" href=\"https:\/\/www.bulentsenocak.com\/en\/smyrna-the-rise-of-an-ancient-city\/\">View Details<\/a><\/div>\n<\/div>\n<\/div>\n<\/div>\n<\/div>\n\n\n\n<div class=\"wp-block-column service-main is-layout-flow wp-block-column-is-layout-flow\">\n<div class=\"wp-block-columns are-vertically-aligned-center has-border-color has-section-border-color-border-color has-section-bg-color-background-color has-background is-layout-flex wp-container-core-columns-is-layout-570cd1ee wp-block-columns-is-layout-flex\" style=\"border-width:1px;border-radius:10px;padding-top:var(--wp--preset--spacing--30);padding-right:var(--wp--preset--spacing--50);padding-bottom:var(--wp--preset--spacing--50);padding-left:var(--wp--preset--spacing--60)\">\n<div class=\"wp-block-column is-vertically-aligned-center is-layout-flow wp-block-column-is-layout-flow\" style=\"flex-basis:40%\">\n<figure class=\"wp-block-image size-full service-main-img\"><img loading=\"lazy\" decoding=\"async\" width=\"774\" height=\"1161\" src=\"http:\/\/www.bulentsenocak.com\/wp-content\/uploads\/2025\/12\/IZMIR-ON-KAPAK-SON-2.jpg\" alt=\"\u0130zmir: Reborn from Its Ashes\" class=\"wp-image-153\" srcset=\"https:\/\/www.bulentsenocak.com\/wp-content\/uploads\/2025\/12\/IZMIR-ON-KAPAK-SON-2.jpg 774w, https:\/\/www.bulentsenocak.com\/wp-content\/uploads\/2025\/12\/IZMIR-ON-KAPAK-SON-2-200x300.jpg 200w, https:\/\/www.bulentsenocak.com\/wp-content\/uploads\/2025\/12\/IZMIR-ON-KAPAK-SON-2-683x1024.jpg 683w, https:\/\/www.bulentsenocak.com\/wp-content\/uploads\/2025\/12\/IZMIR-ON-KAPAK-SON-2-768x1152.jpg 768w\" sizes=\"auto, (max-width: 774px) 100vw, 774px\" \/><\/figure>\n<\/div>\n\n\n\n<div class=\"wp-block-column is-vertically-aligned-center is-layout-flow wp-block-column-is-layout-flow\" style=\"flex-basis:60%\">\n<p class=\"has-primary-color has-text-color has-link-color wp-elements-6345b21c3d41aa00bb3275d5bb6dd1ab\" style=\"font-size:16px\"><strong>My New Books<\/strong><\/p>\n\n\n\n<h2 class=\"wp-block-heading\" style=\"margin-top:0;margin-bottom:0;font-size:20px;font-style:normal;font-weight:700;line-height:1.8\">\u0130zmir: Reborn from Its Ashes<\/h2>\n\n\n\n<p class=\"has-vivid-red-color has-text-color has-link-color has-extra-small-font-size wp-elements-c99171dc6445906f1677afe53cb1c4ee\"><em><strong><mark style=\"background-color:rgba(0, 0, 0, 0);color:#00d084\" class=\"has-inline-color\">Now on Amazon!<\/mark><\/strong><\/em><\/p>\n\n\n\n<div class=\"wp-block-buttons is-layout-flex wp-block-buttons-is-layout-flex\">\n<div class=\"wp-block-button\"><a class=\"wp-block-button__link wp-element-button\" href=\"https:\/\/www.bulentsenocak.com\/en\/izmir-reborn-from-its-ashes\/\">View Details<\/a><\/div>\n<\/div>\n<\/div>\n<\/div>\n<\/div>\n<\/div>\n<\/div>\n\n\n\n<p><\/p>","protected":false},"excerpt":{"rendered":"<p>Yeni Kitaplar\u0131m \u0130zmir\u2019in Sessiz \u00c7\u0131\u011fl\u0131\u011f\u0131 \u015eimdi YAKIN&#8217;da! Yeni Kitaplar\u0131m Smyrna: The Rise of an Ancient City \u015eimdi Amazon&#8217;da! Yeni Kitaplar\u0131m \u0130zmir: Reborn from Its Ashes \u015eimdi Amazon&#8217;da!<\/p>","protected":false},"author":2,"featured_media":0,"parent":0,"menu_order":0,"comment_status":"closed","ping_status":"closed","template":"","meta":{"footnotes":""},"class_list":["post-716","page","type-page","status-publish","hentry"],"yoast_head":"<!-- This site is optimized with the Yoast SEO plugin v27.5 - https:\/\/yoast.com\/product\/yoast-seo-wordpress\/ -->\n<title>Yeni \u00c7\u0131kan Kitaplar | B\u00fclent \u015eenocak<\/title>\n<meta name=\"description\" content=\"B\u00fclent \u015eenocak&#039;\u0131n kaleme ald\u0131\u011f\u0131 yeni \u00e7\u0131kan ve \u00e7\u0131kacak olan t\u00fcm kitaplar\u0131n\u0131 g\u00f6r\u00fcnt\u00fclemek i\u00e7in hemen t\u0131klay\u0131n!\" \/>\n<meta name=\"robots\" content=\"index, follow, max-snippet:-1, max-image-preview:large, max-video-preview:-1\" \/>\n<link rel=\"canonical\" href=\"https:\/\/www.bulentsenocak.com\/en\/yeni-cikan-kitaplar\/\" \/>\n<meta property=\"og:locale\" content=\"en_US\" \/>\n<meta property=\"og:type\" content=\"article\" \/>\n<meta property=\"og:title\" content=\"Yeni \u00c7\u0131kan Kitaplar | B\u00fclent \u015eenocak\" \/>\n<meta property=\"og:description\" content=\"B\u00fclent \u015eenocak&#039;\u0131n kaleme ald\u0131\u011f\u0131 yeni \u00e7\u0131kan ve \u00e7\u0131kacak olan t\u00fcm kitaplar\u0131n\u0131 g\u00f6r\u00fcnt\u00fclemek i\u00e7in hemen t\u0131klay\u0131n!\" \/>\n<meta property=\"og:url\" content=\"https:\/\/www.bulentsenocak.com\/en\/yeni-cikan-kitaplar\/\" \/>\n<meta property=\"og:site_name\" content=\"B&uuml;lent \u015eenocak\" \/>\n<meta property=\"article:modified_time\" content=\"2026-01-22T17:35:45+00:00\" \/>\n<meta property=\"og:image\" content=\"https:\/\/www.bulentsenocak.com\/wp-content\/uploads\/2025\/12\/IZMIRIN-SESSIZ-CIGLIGI-KAPAK-1.jpg\" \/>\n\t<meta property=\"og:image:width\" content=\"762\" \/>\n\t<meta property=\"og:image:height\" content=\"1082\" \/>\n\t<meta property=\"og:image:type\" content=\"image\/jpeg\" \/>\n<meta name=\"twitter:card\" content=\"summary_large_image\" \/>\n<meta name=\"twitter:label1\" content=\"Est. reading time\" \/>\n\t<meta name=\"twitter:data1\" content=\"1 minute\" \/>\n<script type=\"application\/ld+json\" class=\"yoast-schema-graph\">{\"@context\":\"https:\\\/\\\/schema.org\",\"@graph\":[{\"@type\":\"WebPage\",\"@id\":\"https:\\\/\\\/www.bulentsenocak.com\\\/yeni-cikan-kitaplar\\\/\",\"url\":\"https:\\\/\\\/www.bulentsenocak.com\\\/yeni-cikan-kitaplar\\\/\",\"name\":\"Yeni \u00c7\u0131kan Kitaplar | B\u00fclent \u015eenocak\",\"isPartOf\":{\"@id\":\"http:\\\/\\\/www.bulentsenocak.com\\\/#website\"},\"primaryImageOfPage\":{\"@id\":\"https:\\\/\\\/www.bulentsenocak.com\\\/yeni-cikan-kitaplar\\\/#primaryimage\"},\"image\":{\"@id\":\"https:\\\/\\\/www.bulentsenocak.com\\\/yeni-cikan-kitaplar\\\/#primaryimage\"},\"thumbnailUrl\":\"http:\\\/\\\/www.bulentsenocak.com\\\/wp-content\\\/uploads\\\/2025\\\/12\\\/IZMIRIN-SESSIZ-CIGLIGI-KAPAK-1.jpg\",\"datePublished\":\"2025-12-28T23:31:53+00:00\",\"dateModified\":\"2026-01-22T17:35:45+00:00\",\"description\":\"B\u00fclent \u015eenocak'\u0131n kaleme ald\u0131\u011f\u0131 yeni \u00e7\u0131kan ve \u00e7\u0131kacak olan t\u00fcm kitaplar\u0131n\u0131 g\u00f6r\u00fcnt\u00fclemek i\u00e7in hemen t\u0131klay\u0131n!\",\"breadcrumb\":{\"@id\":\"https:\\\/\\\/www.bulentsenocak.com\\\/yeni-cikan-kitaplar\\\/#breadcrumb\"},\"inLanguage\":\"en-US\",\"potentialAction\":[{\"@type\":\"ReadAction\",\"target\":[\"https:\\\/\\\/www.bulentsenocak.com\\\/yeni-cikan-kitaplar\\\/\"]}]},{\"@type\":\"ImageObject\",\"inLanguage\":\"en-US\",\"@id\":\"https:\\\/\\\/www.bulentsenocak.com\\\/yeni-cikan-kitaplar\\\/#primaryimage\",\"url\":\"http:\\\/\\\/www.bulentsenocak.com\\\/wp-content\\\/uploads\\\/2025\\\/12\\\/IZMIRIN-SESSIZ-CIGLIGI-KAPAK-1.jpg\",\"contentUrl\":\"http:\\\/\\\/www.bulentsenocak.com\\\/wp-content\\\/uploads\\\/2025\\\/12\\\/IZMIRIN-SESSIZ-CIGLIGI-KAPAK-1.jpg\"},{\"@type\":\"BreadcrumbList\",\"@id\":\"https:\\\/\\\/www.bulentsenocak.com\\\/yeni-cikan-kitaplar\\\/#breadcrumb\",\"itemListElement\":[{\"@type\":\"ListItem\",\"position\":1,\"name\":\"Home\",\"item\":\"http:\\\/\\\/www.bulentsenocak.com\\\/\"},{\"@type\":\"ListItem\",\"position\":2,\"name\":\"Yeni \u00c7\u0131kan Kitaplar\"}]},{\"@type\":\"WebSite\",\"@id\":\"http:\\\/\\\/www.bulentsenocak.com\\\/#website\",\"url\":\"http:\\\/\\\/www.bulentsenocak.com\\\/\",\"name\":\"B&uuml;lent \u015eenocak\",\"description\":\"Kalemim, &ouml;zg&uuml;rl&uuml;\u011f&uuml;m&uuml;n kanatlar\u0131d\u0131r.\",\"publisher\":{\"@id\":\"http:\\\/\\\/www.bulentsenocak.com\\\/#\\\/schema\\\/person\\\/d6b6a272870f4cd2600a30e279637d51\"},\"potentialAction\":[{\"@type\":\"SearchAction\",\"target\":{\"@type\":\"EntryPoint\",\"urlTemplate\":\"http:\\\/\\\/www.bulentsenocak.com\\\/?s={search_term_string}\"},\"query-input\":{\"@type\":\"PropertyValueSpecification\",\"valueRequired\":true,\"valueName\":\"search_term_string\"}}],\"inLanguage\":\"en-US\"},{\"@type\":[\"Person\",\"Organization\"],\"@id\":\"http:\\\/\\\/www.bulentsenocak.com\\\/#\\\/schema\\\/person\\\/d6b6a272870f4cd2600a30e279637d51\",\"name\":\"B\u00fclent \u015eenocak\",\"image\":{\"@type\":\"ImageObject\",\"inLanguage\":\"en-US\",\"@id\":\"https:\\\/\\\/www.bulentsenocak.com\\\/wp-content\\\/uploads\\\/2025\\\/12\\\/logo-1-1.png\",\"url\":\"https:\\\/\\\/www.bulentsenocak.com\\\/wp-content\\\/uploads\\\/2025\\\/12\\\/logo-1-1.png\",\"contentUrl\":\"https:\\\/\\\/www.bulentsenocak.com\\\/wp-content\\\/uploads\\\/2025\\\/12\\\/logo-1-1.png\",\"width\":622,\"height\":412,\"caption\":\"B\u00fclent \u015eenocak\"},\"logo\":{\"@id\":\"https:\\\/\\\/www.bulentsenocak.com\\\/wp-content\\\/uploads\\\/2025\\\/12\\\/logo-1-1.png\"},\"sameAs\":[\"https:\\\/\\\/www.bulentsenocak.com\"]}]}<\/script>\n<!-- \/ Yoast SEO plugin. -->","yoast_head_json":{"title":"Yeni \u00c7\u0131kan Kitaplar | B\u00fclent \u015eenocak","description":"B\u00fclent \u015eenocak'\u0131n kaleme ald\u0131\u011f\u0131 yeni \u00e7\u0131kan ve \u00e7\u0131kacak olan t\u00fcm kitaplar\u0131n\u0131 g\u00f6r\u00fcnt\u00fclemek i\u00e7in hemen t\u0131klay\u0131n!","robots":{"index":"index","follow":"follow","max-snippet":"max-snippet:-1","max-image-preview":"max-image-preview:large","max-video-preview":"max-video-preview:-1"},"canonical":"https:\/\/www.bulentsenocak.com\/en\/yeni-cikan-kitaplar\/","og_locale":"en_US","og_type":"article","og_title":"Yeni \u00c7\u0131kan Kitaplar | B\u00fclent \u015eenocak","og_description":"B\u00fclent \u015eenocak'\u0131n kaleme ald\u0131\u011f\u0131 yeni \u00e7\u0131kan ve \u00e7\u0131kacak olan t\u00fcm kitaplar\u0131n\u0131 g\u00f6r\u00fcnt\u00fclemek i\u00e7in hemen t\u0131klay\u0131n!","og_url":"https:\/\/www.bulentsenocak.com\/en\/yeni-cikan-kitaplar\/","og_site_name":"B&uuml;lent \u015eenocak","article_modified_time":"2026-01-22T17:35:45+00:00","og_image":[{"width":762,"height":1082,"url":"https:\/\/www.bulentsenocak.com\/wp-content\/uploads\/2025\/12\/IZMIRIN-SESSIZ-CIGLIGI-KAPAK-1.jpg","type":"image\/jpeg"}],"twitter_card":"summary_large_image","twitter_misc":{"Est. reading time":"1 minute"},"schema":{"@context":"https:\/\/schema.org","@graph":[{"@type":"WebPage","@id":"https:\/\/www.bulentsenocak.com\/yeni-cikan-kitaplar\/","url":"https:\/\/www.bulentsenocak.com\/yeni-cikan-kitaplar\/","name":"Yeni \u00c7\u0131kan Kitaplar | B\u00fclent \u015eenocak","isPartOf":{"@id":"http:\/\/www.bulentsenocak.com\/#website"},"primaryImageOfPage":{"@id":"https:\/\/www.bulentsenocak.com\/yeni-cikan-kitaplar\/#primaryimage"},"image":{"@id":"https:\/\/www.bulentsenocak.com\/yeni-cikan-kitaplar\/#primaryimage"},"thumbnailUrl":"http:\/\/www.bulentsenocak.com\/wp-content\/uploads\/2025\/12\/IZMIRIN-SESSIZ-CIGLIGI-KAPAK-1.jpg","datePublished":"2025-12-28T23:31:53+00:00","dateModified":"2026-01-22T17:35:45+00:00","description":"B\u00fclent \u015eenocak'\u0131n kaleme ald\u0131\u011f\u0131 yeni \u00e7\u0131kan ve \u00e7\u0131kacak olan t\u00fcm kitaplar\u0131n\u0131 g\u00f6r\u00fcnt\u00fclemek i\u00e7in hemen t\u0131klay\u0131n!","breadcrumb":{"@id":"https:\/\/www.bulentsenocak.com\/yeni-cikan-kitaplar\/#breadcrumb"},"inLanguage":"en-US","potentialAction":[{"@type":"ReadAction","target":["https:\/\/www.bulentsenocak.com\/yeni-cikan-kitaplar\/"]}]},{"@type":"ImageObject","inLanguage":"en-US","@id":"https:\/\/www.bulentsenocak.com\/yeni-cikan-kitaplar\/#primaryimage","url":"http:\/\/www.bulentsenocak.com\/wp-content\/uploads\/2025\/12\/IZMIRIN-SESSIZ-CIGLIGI-KAPAK-1.jpg","contentUrl":"http:\/\/www.bulentsenocak.com\/wp-content\/uploads\/2025\/12\/IZMIRIN-SESSIZ-CIGLIGI-KAPAK-1.jpg"},{"@type":"BreadcrumbList","@id":"https:\/\/www.bulentsenocak.com\/yeni-cikan-kitaplar\/#breadcrumb","itemListElement":[{"@type":"ListItem","position":1,"name":"Home","item":"http:\/\/www.bulentsenocak.com\/"},{"@type":"ListItem","position":2,"name":"Yeni \u00c7\u0131kan Kitaplar"}]},{"@type":"WebSite","@id":"http:\/\/www.bulentsenocak.com\/#website","url":"http:\/\/www.bulentsenocak.com\/","name":"B&uuml;lent \u015eenocak","description":"Kalemim, &ouml;zg&uuml;rl&uuml;\u011f&uuml;m&uuml;n kanatlar\u0131d\u0131r.","publisher":{"@id":"http:\/\/www.bulentsenocak.com\/#\/schema\/person\/d6b6a272870f4cd2600a30e279637d51"},"potentialAction":[{"@type":"SearchAction","target":{"@type":"EntryPoint","urlTemplate":"http:\/\/www.bulentsenocak.com\/?s={search_term_string}"},"query-input":{"@type":"PropertyValueSpecification","valueRequired":true,"valueName":"search_term_string"}}],"inLanguage":"en-US"},{"@type":["Person","Organization"],"@id":"http:\/\/www.bulentsenocak.com\/#\/schema\/person\/d6b6a272870f4cd2600a30e279637d51","name":"B\u00fclent \u015eenocak","image":{"@type":"ImageObject","inLanguage":"en-US","@id":"https:\/\/www.bulentsenocak.com\/wp-content\/uploads\/2025\/12\/logo-1-1.png","url":"https:\/\/www.bulentsenocak.com\/wp-content\/uploads\/2025\/12\/logo-1-1.png","contentUrl":"https:\/\/www.bulentsenocak.com\/wp-content\/uploads\/2025\/12\/logo-1-1.png","width":622,"height":412,"caption":"B\u00fclent \u015eenocak"},"logo":{"@id":"https:\/\/www.bulentsenocak.com\/wp-content\/uploads\/2025\/12\/logo-1-1.png"},"sameAs":["https:\/\/www.bulentsenocak.com"]}]}},"_links":{"self":[{"href":"https:\/\/www.bulentsenocak.com\/en\/wp-json\/wp\/v2\/pages\/716","targetHints":{"allow":["GET"]}}],"collection":[{"href":"https:\/\/www.bulentsenocak.com\/en\/wp-json\/wp\/v2\/pages"}],"about":[{"href":"https:\/\/www.bulentsenocak.com\/en\/wp-json\/wp\/v2\/types\/page"}],"author":[{"embeddable":true,"href":"https:\/\/www.bulentsenocak.com\/en\/wp-json\/wp\/v2\/users\/2"}],"replies":[{"embeddable":true,"href":"https:\/\/www.bulentsenocak.com\/en\/wp-json\/wp\/v2\/comments?post=716"}],"version-history":[{"count":9,"href":"https:\/\/www.bulentsenocak.com\/en\/wp-json\/wp\/v2\/pages\/716\/revisions"}],"predecessor-version":[{"id":1107,"href":"https:\/\/www.bulentsenocak.com\/en\/wp-json\/wp\/v2\/pages\/716\/revisions\/1107"}],"wp:attachment":[{"href":"https:\/\/www.bulentsenocak.com\/en\/wp-json\/wp\/v2\/media?parent=716"}],"curies":[{"name":"wp","href":"https:\/\/api.w.org\/{rel}","templated":true}]}}