{"id":172,"date":"2025-12-20T18:57:06","date_gmt":"2025-12-20T18:57:06","guid":{"rendered":"http:\/\/www.bulentsenocak.com\/?page_id=172"},"modified":"2026-01-25T10:52:17","modified_gmt":"2026-01-25T10:52:17","slug":"medya","status":"publish","type":"page","link":"https:\/\/www.bulentsenocak.com\/en\/medya\/","title":{"rendered":"PRESS"},"content":{"rendered":"<div class=\"wp-block-media-text alignwide is-stacked-on-mobile is-vertically-aligned-center\" style=\"grid-template-columns:20% auto\"><figure class=\"wp-block-media-text__media\"><img loading=\"lazy\" decoding=\"async\" width=\"300\" height=\"110\" src=\"https:\/\/www.bulentsenocak.com\/wp-content\/uploads\/2026\/01\/cropped-kent-yasam-logo.png\" alt=\"\" class=\"wp-image-1128 size-full\" srcset=\"https:\/\/www.bulentsenocak.com\/wp-content\/uploads\/2026\/01\/cropped-kent-yasam-logo.png 300w, https:\/\/www.bulentsenocak.com\/wp-content\/uploads\/2026\/01\/cropped-kent-yasam-logo-18x7.png 18w\" sizes=\"auto, (max-width: 300px) 100vw, 300px\" \/><\/figure><div class=\"wp-block-media-text__content\">\n<h2 class=\"wp-block-heading has-text-color\" style=\"color:#000000;font-size:32px\"><strong>\u201c\u0130zmir\u2019in Sessiz \u00c7\u0131\u011fl\u0131\u011f\u0131\u201d Has Been Published.<\/strong><\/h2>\n\n\n\n<p class=\"has-text-color\" style=\"color:#000000;font-size:17px\">Researcher and author B\u00fclent \u015eenocak's new work, \u201c\u0130zmir\u2019in Sessiz \u00c7\u0131\u011fl\u0131\u011f\u0131\u201d which examines the 1922 \u0130zmir Fire, one of the most traumatic events in the city's history, outside of conventional frameworks, is now available to readers.<\/p>\n\n\n\n<div class=\"wp-block-buttons is-layout-flex wp-block-buttons-is-layout-flex\">\n<div class=\"wp-block-button is-style-fill\"><a class=\"wp-block-button__link wp-element-button\" href=\"https:\/\/www.kentyasam.com.tr\/wp\/2026\/01\/22\/izmirin-sessiz-cigligi-yayimlandi\/\" target=\"_blank\" rel=\"noreferrer noopener nofollow\">Read More<\/a><\/div>\n<\/div>\n<\/div><\/div>\n\n\n\n<div class=\"wp-block-media-text alignwide is-stacked-on-mobile is-vertically-aligned-center\" style=\"grid-template-columns:20% auto\"><figure class=\"wp-block-media-text__media\"><img loading=\"lazy\" decoding=\"async\" width=\"1024\" height=\"336\" src=\"https:\/\/www.bulentsenocak.com\/wp-content\/uploads\/2026\/01\/logo-1-1024x336.png\" alt=\"\" class=\"wp-image-1127 size-full\" srcset=\"https:\/\/www.bulentsenocak.com\/wp-content\/uploads\/2026\/01\/logo-1-1024x336.png 1024w, https:\/\/www.bulentsenocak.com\/wp-content\/uploads\/2026\/01\/logo-1-300x98.png 300w, https:\/\/www.bulentsenocak.com\/wp-content\/uploads\/2026\/01\/logo-1-768x252.png 768w, https:\/\/www.bulentsenocak.com\/wp-content\/uploads\/2026\/01\/logo-1-18x6.png 18w, https:\/\/www.bulentsenocak.com\/wp-content\/uploads\/2026\/01\/logo-1.png 1214w\" sizes=\"auto, (max-width: 1024px) 100vw, 1024px\" \/><\/figure><div class=\"wp-block-media-text__content\">\n<h2 class=\"wp-block-heading has-text-color\" style=\"color:#000000;font-size:32px\"><strong>A New Book from B\u00fclent \u015eenocak<\/strong><\/h2>\n\n\n\n<p class=\"has-text-color\" style=\"color:#000000;font-size:17px\">Researcher and author B\u00fclent \u015eenocak's new work, \u201c\u0130zmir\u2019in Sessiz \u00c7\u0131\u011fl\u0131\u011f\u0131\u201d which examines the 1922 \u0130zmir Fire, one of the most traumatic events in the city's history, outside of conventional frameworks, is now available to readers.<\/p>\n\n\n\n<div class=\"wp-block-buttons is-layout-flex wp-block-buttons-is-layout-flex\">\n<div class=\"wp-block-button is-style-fill\"><a class=\"wp-block-button__link wp-element-button\" href=\"https:\/\/sevmedya.com\/bulent-senocaktan-yeni-kitap\/\" target=\"_blank\" rel=\"noreferrer noopener nofollow\">Read More<\/a><\/div>\n<\/div>\n<\/div><\/div>\n\n\n\n<div class=\"wp-block-media-text alignwide is-stacked-on-mobile is-vertically-aligned-center\" style=\"grid-template-columns:20% auto\"><figure class=\"wp-block-media-text__media\"><img loading=\"lazy\" decoding=\"async\" width=\"240\" height=\"60\" src=\"https:\/\/www.bulentsenocak.com\/wp-content\/uploads\/2026\/01\/logo.png\" alt=\"\" class=\"wp-image-1126 size-full\" srcset=\"https:\/\/www.bulentsenocak.com\/wp-content\/uploads\/2026\/01\/logo.png 240w, https:\/\/www.bulentsenocak.com\/wp-content\/uploads\/2026\/01\/logo-18x5.png 18w\" sizes=\"auto, (max-width: 240px) 100vw, 240px\" \/><\/figure><div class=\"wp-block-media-text__content\">\n<h2 class=\"wp-block-heading has-text-color\" style=\"color:#000000;font-size:32px\"><strong>\u201c\u0130zmir\u2019in Sessiz \u00c7\u0131\u011fl\u0131\u011f\u0131\u201d Meets Its Readers.<\/strong><\/h2>\n\n\n\n<p class=\"has-text-color\" style=\"color:#000000;font-size:17px\">Researcher and author B\u00fclent \u015eenocak opens a new window into the city's memory with his new book, \u201c\u0130zmir\u2019in Sessiz \u00c7\u0131\u011fl\u0131\u011f\u0131\u201d which examines the 1922 \u0130zmir Fire with a groundbreaking approach.<\/p>\n\n\n\n<div class=\"wp-block-buttons is-layout-flex wp-block-buttons-is-layout-flex\">\n<div class=\"wp-block-button is-style-fill\"><a class=\"wp-block-button__link wp-element-button\" href=\"https:\/\/www.haberinioku.com.tr\/izmirin-sessiz-cigligi-okurla-bulustu\/259503\" target=\"_blank\" rel=\"noreferrer noopener nofollow\">Read More<\/a><\/div>\n<\/div>\n<\/div><\/div>\n\n\n\n<div class=\"wp-block-media-text alignwide is-stacked-on-mobile is-vertically-aligned-center\" style=\"grid-template-columns:20% auto\"><figure class=\"wp-block-media-text__media\"><img loading=\"lazy\" decoding=\"async\" width=\"1024\" height=\"165\" src=\"https:\/\/www.bulentsenocak.com\/wp-content\/uploads\/2026\/01\/tekreferans-logo-1024x165.png\" alt=\"\" class=\"wp-image-1125 size-full\" srcset=\"https:\/\/www.bulentsenocak.com\/wp-content\/uploads\/2026\/01\/tekreferans-logo-1024x165.png 1024w, https:\/\/www.bulentsenocak.com\/wp-content\/uploads\/2026\/01\/tekreferans-logo-300x48.png 300w, https:\/\/www.bulentsenocak.com\/wp-content\/uploads\/2026\/01\/tekreferans-logo-768x124.png 768w, https:\/\/www.bulentsenocak.com\/wp-content\/uploads\/2026\/01\/tekreferans-logo-18x3.png 18w, https:\/\/www.bulentsenocak.com\/wp-content\/uploads\/2026\/01\/tekreferans-logo.png 1200w\" sizes=\"auto, (max-width: 1024px) 100vw, 1024px\" \/><\/figure><div class=\"wp-block-media-text__content\">\n<h2 class=\"wp-block-heading has-text-color\" style=\"color:#000000;font-size:32px\"><strong>\u201c\u0130zmir\u2019in Sessiz \u00c7\u0131\u011fl\u0131\u011f\u0131\u201d Has Been Published!<\/strong><\/h2>\n\n\n\n<p class=\"has-text-color\" style=\"color:#000000;font-size:17px\">Researcher and author B\u00fclent \u015eenocak's new work, \u201c\u0130zmir\u2019in Sessiz \u00c7\u0131\u011fl\u0131\u011f\u0131\u201d which examines the 1922 \u0130zmir Fire, one of the most traumatic events in the city's history, outside of conventional frameworks, is now available to readers.<\/p>\n\n\n\n<div class=\"wp-block-buttons is-layout-flex wp-block-buttons-is-layout-flex\">\n<div class=\"wp-block-button is-style-fill\"><a class=\"wp-block-button__link wp-element-button\" href=\"https:\/\/tekreferans.com\/izmir-in-sessiz-cigligi-yayimlandi\" target=\"_blank\" rel=\"noreferrer noopener nofollow\">Read More<\/a><\/div>\n<\/div>\n<\/div><\/div>\n\n\n\n<div class=\"wp-block-media-text alignwide is-stacked-on-mobile is-vertically-aligned-center\" style=\"grid-template-columns:20% auto\"><figure class=\"wp-block-media-text__media\"><img loading=\"lazy\" decoding=\"async\" width=\"360\" height=\"90\" src=\"https:\/\/www.bulentsenocak.com\/wp-content\/uploads\/2026\/01\/egemenlik.png\" alt=\"\" class=\"wp-image-1124 size-full\" srcset=\"https:\/\/www.bulentsenocak.com\/wp-content\/uploads\/2026\/01\/egemenlik.png 360w, https:\/\/www.bulentsenocak.com\/wp-content\/uploads\/2026\/01\/egemenlik-300x75.png 300w, https:\/\/www.bulentsenocak.com\/wp-content\/uploads\/2026\/01\/egemenlik-18x5.png 18w\" sizes=\"auto, (max-width: 360px) 100vw, 360px\" \/><\/figure><div class=\"wp-block-media-text__content\">\n<h2 class=\"wp-block-heading has-text-color\" style=\"color:#000000;font-size:32px\"><strong>\u201c\u0130zmir\u2019in Sessiz \u00c7\u0131\u011fl\u0131\u011f\u0131\u201d is now on bookshelves!<\/strong><\/h2>\n\n\n\n<p class=\"has-text-color\" style=\"color:#000000;font-size:17px\">Researcher and author B\u00fclent \u015eenocak's new work, \u201c\u0130zmir\u2019in Sessiz \u00c7\u0131\u011fl\u0131\u011f\u0131\u201d which examines the 1922 \u0130zmir Fire, one of the most traumatic events in the city's history, outside of conventional frameworks, is now available to readers.<\/p>\n\n\n\n<div class=\"wp-block-buttons is-layout-flex wp-block-buttons-is-layout-flex\">\n<div class=\"wp-block-button is-style-fill\"><a class=\"wp-block-button__link wp-element-button\" href=\"https:\/\/www.egemenlik.com.tr\/izmir-in-sessiz-cigligi-raflarda-yerini-aldi\/20414\/\" target=\"_blank\" rel=\"noreferrer noopener nofollow\">Read More<\/a><\/div>\n<\/div>\n<\/div><\/div>\n\n\n\n<div class=\"wp-block-media-text alignwide is-stacked-on-mobile is-vertically-aligned-center\" style=\"grid-template-columns:20% auto\"><figure class=\"wp-block-media-text__media\"><img loading=\"lazy\" decoding=\"async\" width=\"866\" height=\"650\" src=\"http:\/\/www.bulentsenocak.com\/wp-content\/uploads\/2026\/01\/sabah-gazetesi1863.jpg\" alt=\"Sabah logo\" class=\"wp-image-877 size-full\" srcset=\"https:\/\/www.bulentsenocak.com\/wp-content\/uploads\/2026\/01\/sabah-gazetesi1863.jpg 866w, https:\/\/www.bulentsenocak.com\/wp-content\/uploads\/2026\/01\/sabah-gazetesi1863-300x225.jpg 300w, https:\/\/www.bulentsenocak.com\/wp-content\/uploads\/2026\/01\/sabah-gazetesi1863-768x576.jpg 768w\" sizes=\"auto, (max-width: 866px) 100vw, 866px\" \/><\/figure><div class=\"wp-block-media-text__content\">\n<h2 class=\"wp-block-heading has-text-color\" style=\"color:#000000;font-size:32px\"><strong>He Got Angry at Publishing Houses and Started Publishing<\/strong><\/h2>\n\n\n\n<p class=\"has-text-color\" style=\"color:#000000;font-size:17px\">B\u00fclent \u015eenocak, who left industry to become a researcher, strove to turn Levant\u2019\u0131n Y\u0131ld\u0131z\u0131 \u0130zmir, which he wrote with enthusiasm, into a book. However, failing to get results, he got angry with the publishing houses, decided to publish the book himself, and founded \u015eenocak Publications.<\/p>\n\n\n\n<div class=\"wp-block-buttons is-layout-flex wp-block-buttons-is-layout-flex\">\n<div class=\"wp-block-button is-style-fill\"><a class=\"wp-block-button__link wp-element-button\" href=\"https:\/\/www.sabah.com.tr\/egeli\/2013\/04\/21\/yayinevlerine-kizdi-yayimciliga-basladi\" target=\"_blank\" rel=\"noreferrer noopener nofollow\">Read More<\/a><\/div>\n<\/div>\n<\/div><\/div>\n\n\n\n<div class=\"wp-block-media-text alignwide is-stacked-on-mobile is-vertically-aligned-center\" style=\"grid-template-columns:20% auto\"><figure class=\"wp-block-media-text__media\"><img loading=\"lazy\" decoding=\"async\" width=\"866\" height=\"650\" src=\"http:\/\/www.bulentsenocak.com\/wp-content\/uploads\/2026\/01\/sabah-gazetesi1863.jpg\" alt=\"Sabah logo\" class=\"wp-image-877 size-full\" srcset=\"https:\/\/www.bulentsenocak.com\/wp-content\/uploads\/2026\/01\/sabah-gazetesi1863.jpg 866w, https:\/\/www.bulentsenocak.com\/wp-content\/uploads\/2026\/01\/sabah-gazetesi1863-300x225.jpg 300w, https:\/\/www.bulentsenocak.com\/wp-content\/uploads\/2026\/01\/sabah-gazetesi1863-768x576.jpg 768w\" sizes=\"auto, (max-width: 866px) 100vw, 866px\" \/><\/figure><div class=\"wp-block-media-text__content\">\n<h2 class=\"wp-block-heading has-text-color\" style=\"color:#000000;font-size:32px\"><strong>B\u00fclent \u015eenocak Introduced His Novel<\/strong><\/h2>\n\n\n\n<p class=\"has-text-color\" style=\"color:#000000;font-size:17px\">Izmir-based researcher and writer B\u00fclent \u015eenocak met with book lovers at a signing and talk event held at Yak\u0131n Bookstore for his recently published novel D\u00fc\u015f Yollarda K\u0131r\u0131ld\u0131.<\/p>\n\n\n\n<div class=\"wp-block-buttons is-layout-flex wp-block-buttons-is-layout-flex\">\n<div class=\"wp-block-button is-style-fill\"><a class=\"wp-block-button__link wp-element-button\" href=\"https:\/\/www.sabah.com.tr\/egeli\/2013\/04\/11\/bulent-senocak-romanini-tanitti\" target=\"_blank\" rel=\"noreferrer noopener nofollow\">Read More<\/a><\/div>\n<\/div>\n<\/div><\/div>\n\n\n\n<p class=\"has-text-align-left has-vivid-red-color has-text-color has-link-color has-large-font-size wp-elements-0946645e8bce337c4ddb8b9f2757845c\"><strong>H\u00fcrriyet<\/strong> <strong>EGE<\/strong><\/p>\n\n\n\n<div class=\"wp-block-media-text alignwide is-stacked-on-mobile is-vertically-aligned-center\" style=\"grid-template-columns:20% auto\"><figure class=\"wp-block-media-text__media\"><img loading=\"lazy\" decoding=\"async\" width=\"686\" height=\"343\" src=\"http:\/\/www.bulentsenocak.com\/wp-content\/uploads\/2026\/01\/hurriyet.jpg\" alt=\"H\u00fcrriyet Logo\" class=\"wp-image-879 size-full\" srcset=\"https:\/\/www.bulentsenocak.com\/wp-content\/uploads\/2026\/01\/hurriyet.jpg 686w, https:\/\/www.bulentsenocak.com\/wp-content\/uploads\/2026\/01\/hurriyet-300x150.jpg 300w\" sizes=\"auto, (max-width: 686px) 100vw, 686px\" \/><\/figure><div class=\"wp-block-media-text__content\">\n<h2 class=\"wp-block-heading has-text-color\" style=\"color:#000000;font-size:32px\"><strong>Book Signing by \u015eenocak<\/strong><\/h2>\n\n\n\n<p class=\"has-text-color\" style=\"color:#000000;font-size:17px\">Izmir-based researcher and writer B\u00fclent \u015eenocak met with readers at a signing and talk event held at Yak\u0131n Bookstore for his novel D\u00fc\u015f Yollarda K\u0131r\u0131ld\u0131, recently published by Goa Publications.<\/p>\n\n\n\n<div class=\"wp-block-buttons is-layout-flex wp-block-buttons-is-layout-flex\">\n<div class=\"wp-block-button is-style-fill\"><a class=\"wp-block-button__link wp-element-button\" href=\"https:\/\/www.hurriyet.com.tr\/ege\/senocak-tan-imza-gunu-23014922\" target=\"_blank\" rel=\"noreferrer noopener nofollow\">Read More<\/a><\/div>\n<\/div>\n<\/div><\/div>\n\n\n\n<div class=\"wp-block-media-text alignwide is-stacked-on-mobile is-vertically-aligned-center\" style=\"grid-template-columns:20% auto\"><figure class=\"wp-block-media-text__media\"><img loading=\"lazy\" decoding=\"async\" width=\"686\" height=\"343\" src=\"http:\/\/www.bulentsenocak.com\/wp-content\/uploads\/2026\/01\/hurriyet.jpg\" alt=\"H\u00fcrriyet Logo\" class=\"wp-image-879 size-full\" srcset=\"https:\/\/www.bulentsenocak.com\/wp-content\/uploads\/2026\/01\/hurriyet.jpg 686w, https:\/\/www.bulentsenocak.com\/wp-content\/uploads\/2026\/01\/hurriyet-300x150.jpg 300w\" sizes=\"auto, (max-width: 686px) 100vw, 686px\" \/><\/figure><div class=\"wp-block-media-text__content\">\n<h2 class=\"wp-block-heading has-text-color\" style=\"color:#000000;font-size:32px\"><strong>He Signed His Book<\/strong><\/h2>\n\n\n\n<p class=\"has-text-color\" style=\"color:#000000;font-size:17px\">Researcher and writer B\u00fclent \u015eenocak signed his latest book, \u0130nsanla\u015ft\u0131r\u0131lan Tanr\u0131, at Yak\u0131n Bookstore.<\/p>\n\n\n\n<div class=\"wp-block-buttons is-layout-flex wp-block-buttons-is-layout-flex\">\n<div class=\"wp-block-button is-style-fill\"><a class=\"wp-block-button__link wp-element-button\" href=\"https:\/\/www.hurriyet.com.tr\/ege\/kitabini-imzaladi-20029608\" target=\"_blank\" rel=\"noreferrer noopener nofollow\">Read More<\/a><\/div>\n<\/div>\n<\/div><\/div>\n\n\n\n<div class=\"wp-block-media-text alignwide is-stacked-on-mobile is-vertically-aligned-center\" style=\"grid-template-columns:20% auto\"><figure class=\"wp-block-media-text__media\"><img loading=\"lazy\" decoding=\"async\" width=\"686\" height=\"343\" src=\"http:\/\/www.bulentsenocak.com\/wp-content\/uploads\/2026\/01\/hurriyet.jpg\" alt=\"H\u00fcrriyet Logo\" class=\"wp-image-879 size-full\" srcset=\"https:\/\/www.bulentsenocak.com\/wp-content\/uploads\/2026\/01\/hurriyet.jpg 686w, https:\/\/www.bulentsenocak.com\/wp-content\/uploads\/2026\/01\/hurriyet-300x150.jpg 300w\" sizes=\"auto, (max-width: 686px) 100vw, 686px\" \/><\/figure><div class=\"wp-block-media-text__content\">\n<h2 class=\"wp-block-heading has-text-color\" style=\"color:#000000;font-size:32px\"><strong>B\u00fclent \u015eenocak Elected \u0130KTAD President<\/strong><\/h2>\n\n\n\n<p class=\"has-text-color\" style=\"color:#000000;font-size:17px\">B\u00fclent \u015eenocak was elected Chairman of the Board at the 1st General Assembly of the \u0130zmir Culture and History Research Association (\u0130KTAD).<\/p>\n\n\n\n<div class=\"wp-block-buttons is-layout-flex wp-block-buttons-is-layout-flex\">\n<div class=\"wp-block-button is-style-fill\"><a class=\"wp-block-button__link wp-element-button\" href=\"https:\/\/www.hurriyet.com.tr\/yerel-haberler\/izmir\/bulent-senocak-iktad-baskanligina-secildi-40362869\" target=\"_blank\" rel=\"noreferrer noopener nofollow\">Read More<\/a><\/div>\n<\/div>\n<\/div><\/div>\n\n\n\n<p><\/p>","protected":false},"excerpt":{"rendered":"<p>H\u00fcrriyet EGE<\/p>","protected":false},"author":1,"featured_media":0,"parent":0,"menu_order":0,"comment_status":"closed","ping_status":"closed","template":"","meta":{"footnotes":""},"class_list":["post-172","page","type-page","status-publish","hentry"],"yoast_head":"<!-- This site is optimized with the Yoast SEO plugin v27.5 - https:\/\/yoast.com\/product\/yoast-seo-wordpress\/ -->\n<title>Medyada B\u00fclent \u015eenocak | B\u00fclent \u015eenocak<\/title>\n<meta name=\"description\" content=\"B\u00fclent \u015eenocak hakk\u0131nda medyada yer alan haberler, foto\u011fraflar ve bilgiler i\u00e7in t\u0131klay\u0131n, hemen bilgi al\u0131n!\" \/>\n<meta name=\"robots\" content=\"index, follow, max-snippet:-1, max-image-preview:large, max-video-preview:-1\" \/>\n<link rel=\"canonical\" href=\"https:\/\/www.bulentsenocak.com\/en\/medya\/\" \/>\n<meta property=\"og:locale\" content=\"en_US\" \/>\n<meta property=\"og:type\" content=\"article\" \/>\n<meta property=\"og:title\" content=\"Medyada B\u00fclent \u015eenocak | B\u00fclent \u015eenocak\" \/>\n<meta property=\"og:description\" content=\"B\u00fclent \u015eenocak hakk\u0131nda medyada yer alan haberler, foto\u011fraflar ve bilgiler i\u00e7in t\u0131klay\u0131n, hemen bilgi al\u0131n!\" \/>\n<meta property=\"og:url\" content=\"https:\/\/www.bulentsenocak.com\/en\/medya\/\" \/>\n<meta property=\"og:site_name\" content=\"B&uuml;lent \u015eenocak\" \/>\n<meta property=\"article:modified_time\" content=\"2026-01-25T10:52:17+00:00\" \/>\n<meta property=\"og:image\" content=\"https:\/\/www.bulentsenocak.com\/wp-content\/uploads\/2026\/01\/cropped-kent-yasam-logo.png\" \/>\n\t<meta property=\"og:image:width\" content=\"300\" \/>\n\t<meta property=\"og:image:height\" content=\"110\" \/>\n\t<meta property=\"og:image:type\" content=\"image\/png\" \/>\n<meta name=\"twitter:card\" content=\"summary_large_image\" \/>\n<meta name=\"twitter:label1\" content=\"Est. reading time\" \/>\n\t<meta name=\"twitter:data1\" content=\"4 minutes\" \/>\n<script type=\"application\/ld+json\" class=\"yoast-schema-graph\">{\"@context\":\"https:\\\/\\\/schema.org\",\"@graph\":[{\"@type\":\"WebPage\",\"@id\":\"https:\\\/\\\/www.bulentsenocak.com\\\/medya\\\/\",\"url\":\"https:\\\/\\\/www.bulentsenocak.com\\\/medya\\\/\",\"name\":\"Medyada B\u00fclent \u015eenocak | B\u00fclent \u015eenocak\",\"isPartOf\":{\"@id\":\"http:\\\/\\\/www.bulentsenocak.com\\\/#website\"},\"primaryImageOfPage\":{\"@id\":\"https:\\\/\\\/www.bulentsenocak.com\\\/medya\\\/#primaryimage\"},\"image\":{\"@id\":\"https:\\\/\\\/www.bulentsenocak.com\\\/medya\\\/#primaryimage\"},\"thumbnailUrl\":\"https:\\\/\\\/www.bulentsenocak.com\\\/wp-content\\\/uploads\\\/2026\\\/01\\\/cropped-kent-yasam-logo.png\",\"datePublished\":\"2025-12-20T18:57:06+00:00\",\"dateModified\":\"2026-01-25T10:52:17+00:00\",\"description\":\"B\u00fclent \u015eenocak hakk\u0131nda medyada yer alan haberler, foto\u011fraflar ve bilgiler i\u00e7in t\u0131klay\u0131n, hemen bilgi al\u0131n!\",\"breadcrumb\":{\"@id\":\"https:\\\/\\\/www.bulentsenocak.com\\\/medya\\\/#breadcrumb\"},\"inLanguage\":\"en-US\",\"potentialAction\":[{\"@type\":\"ReadAction\",\"target\":[\"https:\\\/\\\/www.bulentsenocak.com\\\/medya\\\/\"]}]},{\"@type\":\"ImageObject\",\"inLanguage\":\"en-US\",\"@id\":\"https:\\\/\\\/www.bulentsenocak.com\\\/medya\\\/#primaryimage\",\"url\":\"https:\\\/\\\/www.bulentsenocak.com\\\/wp-content\\\/uploads\\\/2026\\\/01\\\/cropped-kent-yasam-logo.png\",\"contentUrl\":\"https:\\\/\\\/www.bulentsenocak.com\\\/wp-content\\\/uploads\\\/2026\\\/01\\\/cropped-kent-yasam-logo.png\"},{\"@type\":\"BreadcrumbList\",\"@id\":\"https:\\\/\\\/www.bulentsenocak.com\\\/medya\\\/#breadcrumb\",\"itemListElement\":[{\"@type\":\"ListItem\",\"position\":1,\"name\":\"Home\",\"item\":\"http:\\\/\\\/www.bulentsenocak.com\\\/\"},{\"@type\":\"ListItem\",\"position\":2,\"name\":\"MEDYA\"}]},{\"@type\":\"WebSite\",\"@id\":\"http:\\\/\\\/www.bulentsenocak.com\\\/#website\",\"url\":\"http:\\\/\\\/www.bulentsenocak.com\\\/\",\"name\":\"B&uuml;lent \u015eenocak\",\"description\":\"Kalemim, &ouml;zg&uuml;rl&uuml;\u011f&uuml;m&uuml;n kanatlar\u0131d\u0131r.\",\"publisher\":{\"@id\":\"http:\\\/\\\/www.bulentsenocak.com\\\/#\\\/schema\\\/person\\\/d6b6a272870f4cd2600a30e279637d51\"},\"potentialAction\":[{\"@type\":\"SearchAction\",\"target\":{\"@type\":\"EntryPoint\",\"urlTemplate\":\"http:\\\/\\\/www.bulentsenocak.com\\\/?s={search_term_string}\"},\"query-input\":{\"@type\":\"PropertyValueSpecification\",\"valueRequired\":true,\"valueName\":\"search_term_string\"}}],\"inLanguage\":\"en-US\"},{\"@type\":[\"Person\",\"Organization\"],\"@id\":\"http:\\\/\\\/www.bulentsenocak.com\\\/#\\\/schema\\\/person\\\/d6b6a272870f4cd2600a30e279637d51\",\"name\":\"B\u00fclent \u015eenocak\",\"image\":{\"@type\":\"ImageObject\",\"inLanguage\":\"en-US\",\"@id\":\"https:\\\/\\\/www.bulentsenocak.com\\\/wp-content\\\/uploads\\\/2025\\\/12\\\/logo-1-1.png\",\"url\":\"https:\\\/\\\/www.bulentsenocak.com\\\/wp-content\\\/uploads\\\/2025\\\/12\\\/logo-1-1.png\",\"contentUrl\":\"https:\\\/\\\/www.bulentsenocak.com\\\/wp-content\\\/uploads\\\/2025\\\/12\\\/logo-1-1.png\",\"width\":622,\"height\":412,\"caption\":\"B\u00fclent \u015eenocak\"},\"logo\":{\"@id\":\"https:\\\/\\\/www.bulentsenocak.com\\\/wp-content\\\/uploads\\\/2025\\\/12\\\/logo-1-1.png\"},\"sameAs\":[\"https:\\\/\\\/www.bulentsenocak.com\"]}]}<\/script>\n<!-- \/ Yoast SEO plugin. -->","yoast_head_json":{"title":"Medyada B\u00fclent \u015eenocak | B\u00fclent \u015eenocak","description":"B\u00fclent \u015eenocak hakk\u0131nda medyada yer alan haberler, foto\u011fraflar ve bilgiler i\u00e7in t\u0131klay\u0131n, hemen bilgi al\u0131n!","robots":{"index":"index","follow":"follow","max-snippet":"max-snippet:-1","max-image-preview":"max-image-preview:large","max-video-preview":"max-video-preview:-1"},"canonical":"https:\/\/www.bulentsenocak.com\/en\/medya\/","og_locale":"en_US","og_type":"article","og_title":"Medyada B\u00fclent \u015eenocak | B\u00fclent \u015eenocak","og_description":"B\u00fclent \u015eenocak hakk\u0131nda medyada yer alan haberler, foto\u011fraflar ve bilgiler i\u00e7in t\u0131klay\u0131n, hemen bilgi al\u0131n!","og_url":"https:\/\/www.bulentsenocak.com\/en\/medya\/","og_site_name":"B&uuml;lent \u015eenocak","article_modified_time":"2026-01-25T10:52:17+00:00","og_image":[{"width":300,"height":110,"url":"https:\/\/www.bulentsenocak.com\/wp-content\/uploads\/2026\/01\/cropped-kent-yasam-logo.png","type":"image\/png"}],"twitter_card":"summary_large_image","twitter_misc":{"Est. reading time":"4 minutes"},"schema":{"@context":"https:\/\/schema.org","@graph":[{"@type":"WebPage","@id":"https:\/\/www.bulentsenocak.com\/medya\/","url":"https:\/\/www.bulentsenocak.com\/medya\/","name":"Medyada B\u00fclent \u015eenocak | B\u00fclent \u015eenocak","isPartOf":{"@id":"http:\/\/www.bulentsenocak.com\/#website"},"primaryImageOfPage":{"@id":"https:\/\/www.bulentsenocak.com\/medya\/#primaryimage"},"image":{"@id":"https:\/\/www.bulentsenocak.com\/medya\/#primaryimage"},"thumbnailUrl":"https:\/\/www.bulentsenocak.com\/wp-content\/uploads\/2026\/01\/cropped-kent-yasam-logo.png","datePublished":"2025-12-20T18:57:06+00:00","dateModified":"2026-01-25T10:52:17+00:00","description":"B\u00fclent \u015eenocak hakk\u0131nda medyada yer alan haberler, foto\u011fraflar ve bilgiler i\u00e7in t\u0131klay\u0131n, hemen bilgi al\u0131n!","breadcrumb":{"@id":"https:\/\/www.bulentsenocak.com\/medya\/#breadcrumb"},"inLanguage":"en-US","potentialAction":[{"@type":"ReadAction","target":["https:\/\/www.bulentsenocak.com\/medya\/"]}]},{"@type":"ImageObject","inLanguage":"en-US","@id":"https:\/\/www.bulentsenocak.com\/medya\/#primaryimage","url":"https:\/\/www.bulentsenocak.com\/wp-content\/uploads\/2026\/01\/cropped-kent-yasam-logo.png","contentUrl":"https:\/\/www.bulentsenocak.com\/wp-content\/uploads\/2026\/01\/cropped-kent-yasam-logo.png"},{"@type":"BreadcrumbList","@id":"https:\/\/www.bulentsenocak.com\/medya\/#breadcrumb","itemListElement":[{"@type":"ListItem","position":1,"name":"Home","item":"http:\/\/www.bulentsenocak.com\/"},{"@type":"ListItem","position":2,"name":"MEDYA"}]},{"@type":"WebSite","@id":"http:\/\/www.bulentsenocak.com\/#website","url":"http:\/\/www.bulentsenocak.com\/","name":"B&uuml;lent \u015eenocak","description":"Kalemim, &ouml;zg&uuml;rl&uuml;\u011f&uuml;m&uuml;n kanatlar\u0131d\u0131r.","publisher":{"@id":"http:\/\/www.bulentsenocak.com\/#\/schema\/person\/d6b6a272870f4cd2600a30e279637d51"},"potentialAction":[{"@type":"SearchAction","target":{"@type":"EntryPoint","urlTemplate":"http:\/\/www.bulentsenocak.com\/?s={search_term_string}"},"query-input":{"@type":"PropertyValueSpecification","valueRequired":true,"valueName":"search_term_string"}}],"inLanguage":"en-US"},{"@type":["Person","Organization"],"@id":"http:\/\/www.bulentsenocak.com\/#\/schema\/person\/d6b6a272870f4cd2600a30e279637d51","name":"B\u00fclent \u015eenocak","image":{"@type":"ImageObject","inLanguage":"en-US","@id":"https:\/\/www.bulentsenocak.com\/wp-content\/uploads\/2025\/12\/logo-1-1.png","url":"https:\/\/www.bulentsenocak.com\/wp-content\/uploads\/2025\/12\/logo-1-1.png","contentUrl":"https:\/\/www.bulentsenocak.com\/wp-content\/uploads\/2025\/12\/logo-1-1.png","width":622,"height":412,"caption":"B\u00fclent \u015eenocak"},"logo":{"@id":"https:\/\/www.bulentsenocak.com\/wp-content\/uploads\/2025\/12\/logo-1-1.png"},"sameAs":["https:\/\/www.bulentsenocak.com"]}]}},"_links":{"self":[{"href":"https:\/\/www.bulentsenocak.com\/en\/wp-json\/wp\/v2\/pages\/172","targetHints":{"allow":["GET"]}}],"collection":[{"href":"https:\/\/www.bulentsenocak.com\/en\/wp-json\/wp\/v2\/pages"}],"about":[{"href":"https:\/\/www.bulentsenocak.com\/en\/wp-json\/wp\/v2\/types\/page"}],"author":[{"embeddable":true,"href":"https:\/\/www.bulentsenocak.com\/en\/wp-json\/wp\/v2\/users\/1"}],"replies":[{"embeddable":true,"href":"https:\/\/www.bulentsenocak.com\/en\/wp-json\/wp\/v2\/comments?post=172"}],"version-history":[{"count":28,"href":"https:\/\/www.bulentsenocak.com\/en\/wp-json\/wp\/v2\/pages\/172\/revisions"}],"predecessor-version":[{"id":1136,"href":"https:\/\/www.bulentsenocak.com\/en\/wp-json\/wp\/v2\/pages\/172\/revisions\/1136"}],"wp:attachment":[{"href":"https:\/\/www.bulentsenocak.com\/en\/wp-json\/wp\/v2\/media?parent=172"}],"curies":[{"name":"wp","href":"https:\/\/api.w.org\/{rel}","templated":true}]}}