{"id":16,"date":"2025-12-17T10:10:47","date_gmt":"2025-12-17T10:10:47","guid":{"rendered":"http:\/\/www.bulentsenocak.com\/?page_id=16"},"modified":"2026-01-02T12:36:05","modified_gmt":"2026-01-02T12:36:05","slug":"kitaplar","status":"publish","type":"page","link":"https:\/\/www.bulentsenocak.com\/en\/kitaplar\/","title":{"rendered":"Books"},"content":{"rendered":"<p><style>\n\/* Box-sizing s\u0131f\u0131rlama *\/\n.wp-kartlar-wrapper,\n.wp-kartlar-wrapper * {\n    box-sizing: border-box;\n}\n.wp-kartlar-wrapper {\n    font-family: 'Outfit', sans-serif;\n    padding: 40px 20px;\n    margin: 0 auto;\n    width: 100%;\n}\n.wp-kartlar-container {\n    display: grid;\n    grid-template-columns: repeat(3, 1fr);\n    gap: 30px;\n    max-width: 1400px;\n    width: 100%;\n    margin: 0 auto;\n}\n.wp-kartlar-card {\n    background: white;\n    border-radius: 40px;\n    padding: 40px 32px;\n    box-shadow: 0 10px 40px rgba(13, 16, 42, 0.08);\n    transition: all 0.4s cubic-bezier(0.4, 0, 0.2, 1);\n    position: relative;\n    overflow: hidden;\n    min-height: 320px;\n    display: flex;\n    flex-direction: column;\n}\n.wp-kartlar-card::before {\n    content: '';\n    position: absolute;\n    top: 0;\n    left: 0;\n    right: 0;\n    height: 4px;\n    background: linear-gradient(90deg, #ff9439 0%, #ffb366 100%);\n    transform: scaleX(0);\n    transform-origin: left;\n    transition: transform 0.4s cubic-bezier(0.4, 0, 0.2, 1);\n}\n.wp-kartlar-card:hover {\n    transform: translateY(-8px);\n    box-shadow: 0 20px 60px rgba(13, 16, 42, 0.15);\n}\n.wp-kartlar-card:hover::before {\n    transform: scaleX(1);\n}\n.wp-kartlar-card h2 {\n    font-size: 32px;\n    font-weight: 700;\n    color: #0d102a;\n    margin: 0 0 20px 0;\n    line-height: 1.2;\n}\n.wp-kartlar-card p {\n    font-size: 18px;\n    font-weight: 400;\n    color: #64748b;\n    line-height: 1.6;\n    margin: 0 0 30px 0;\n    flex-grow: 1;\n}\n.wp-kartlar-btn {\n    display: inline-block;\n    padding: 14px 40px;\n    background: #ff9439;\n    color: white !important;\n    font-size: 18px;\n    font-weight: 600;\n    text-decoration: none;\n    border-radius: 50px;\n    transition: all 0.3s cubic-bezier(0.4, 0, 0.2, 1);\n    border: none;\n    cursor: pointer;\n    position: relative;\n    overflow: hidden;\n    font-family: 'Outfit', sans-serif;\n    width: fit-content;\n    align-self: flex-start;\n    z-index: 1;\n}\n.wp-kartlar-btn::before {\n    content: '';\n    position: absolute;\n    top: 0;\n    left: 0;\n    width: 100%;\n    height: 100%;\n    background: #0d102a;\n    transform: scaleX(0);\n    transform-origin: left;\n    transition: transform 0.3s cubic-bezier(0.4, 0, 0.2, 1);\n    z-index: -1;\n}\n.wp-kartlar-btn:hover::before {\n    transform: scaleX(1);\n}\n.wp-kartlar-btn:hover {\n    transform: scale(1.05);\n    box-shadow: 0 8px 24px rgba(255, 148, 57, 0.3);\n}\n@media (max-width: 1024px) {\n    .wp-kartlar-container {\n        grid-template-columns: repeat(2, 1fr);\n    }\n}\n@media (max-width: 768px) {\n    .wp-kartlar-container {\n        grid-template-columns: 1fr;\n        gap: 20px;\n    }\n    .wp-kartlar-wrapper {\n        padding: 30px 15px;\n    }\n    .wp-kartlar-card {\n        padding: 32px 24px;\n        min-height: auto;\n    }\n    .wp-kartlar-card h2 {\n        font-size: 24px;\n        margin-bottom: 16px;\n    }\n    .wp-kartlar-card p {\n        font-size: 16px;\n        margin-bottom: 24px;\n    }\n}\n<\/style><\/p>\n<h2>My Latest Releases<\/h2>\n<p>Click here to view, explore, and learn more about B\u00fclent \u015eenocak\u2019s new books!<\/p>\n<a href=\"http:\/\/www.bulentsenocak.com\/en\/yeni-cikan-kitaplar\/\">View Details<\/a>\n<h2>My Turkish Books<\/h2>\n<p>Click here to view, explore, and learn more about B\u00fclent \u015eenocak\u2019s books written in Turkish!<\/p>\n<a href=\"http:\/\/www.bulentsenocak.com\/en\/turkce-kitaplar\/\">View Details<\/a>\n<h2>International Editions<\/h2>\n<p>Click here to view, explore, and learn more about B\u00fclent \u015eenocak\u2019s books in various languages!<\/p>\n<a href=\"http:\/\/www.bulentsenocak.com\/en\/ceviri-kitaplar\/\">View Details<\/a>\n<h2 class=\"wp-block-post-title\">Books<\/h2>\n<figure class=\"wp-elements-1b11b446408505474462b2369b70436e\"><\/figure>\n\n<!-- \/wp:post-content -->\n<!-- \/wp:columns -->","protected":false},"excerpt":{"rendered":"<p>Yeni \u00c7\u0131kan Kitaplar\u0131m B\u00fclent \u015eenocak&#8217;\u0131n Yeni kaleme ald\u0131\u011f\u0131 kitaplar\u0131 g\u00f6r\u00fcnt\u00fclemek, incelemek ve kitaplar hakk\u0131nda bilgi almak i\u00e7in t\u0131klay\u0131n! \u0130ncele T\u00fcrk\u00e7e Kitaplar\u0131m B\u00fclent \u015eenocak&#8217;\u0131n T\u00fcrk\u00e7e kaleme ald\u0131\u011f\u0131 kitaplar\u0131 g\u00f6r\u00fcnt\u00fclemek, incelemek ve kitaplar hakk\u0131nda bilgi almak i\u00e7in t\u0131klay\u0131n! \u0130ncele \u00c7eviri Kitaplar\u0131m B\u00fclent \u015eenocak&#8217;\u0131n farkl\u0131 dillerde kaleme ald\u0131\u011f\u0131 kitaplar\u0131 g\u00f6r\u00fcnt\u00fclemek, incelemek ve bilgi almak i\u00e7in t\u0131klay\u0131n! \u0130ncele<\/p>","protected":false},"author":1,"featured_media":0,"parent":0,"menu_order":0,"comment_status":"closed","ping_status":"closed","template":"","meta":{"footnotes":""},"class_list":["post-16","page","type-page","status-publish","hentry"],"yoast_head":"<!-- This site is optimized with the Yoast SEO plugin v27.5 - https:\/\/yoast.com\/product\/yoast-seo-wordpress\/ -->\n<title>Kaleme Ald\u0131\u011f\u0131m Kitaplar\u0131m | B\u00fclent \u015eenocak<\/title>\n<meta name=\"description\" content=\"B\u00fclent \u015eenocak&#039;\u0131n kaleme ald\u0131\u011f\u0131 t\u00fcm kitaplar\u0131 bulabilir, yeni \u00e7\u0131kacak olan kitaplar\u0131 g\u00f6rebilir ve inceleyebilirsiniz! Daha fazla bilgi i\u00e7in t\u0131klay\u0131n\u0131z.\" \/>\n<meta name=\"robots\" content=\"index, follow, max-snippet:-1, max-image-preview:large, max-video-preview:-1\" \/>\n<link rel=\"canonical\" href=\"http:\/\/www.bulentsenocak.com\/en\/kitaplar\/\" \/>\n<meta property=\"og:locale\" content=\"en_US\" \/>\n<meta property=\"og:type\" content=\"article\" \/>\n<meta property=\"og:title\" content=\"Kaleme Ald\u0131\u011f\u0131m Kitaplar\u0131m | B\u00fclent \u015eenocak\" \/>\n<meta property=\"og:description\" content=\"B\u00fclent \u015eenocak&#039;\u0131n kaleme ald\u0131\u011f\u0131 t\u00fcm kitaplar\u0131 bulabilir, yeni \u00e7\u0131kacak olan kitaplar\u0131 g\u00f6rebilir ve inceleyebilirsiniz! Daha fazla bilgi i\u00e7in t\u0131klay\u0131n\u0131z.\" \/>\n<meta property=\"og:url\" content=\"http:\/\/www.bulentsenocak.com\/en\/kitaplar\/\" \/>\n<meta property=\"og:site_name\" content=\"B&uuml;lent \u015eenocak\" \/>\n<meta property=\"article:modified_time\" content=\"2026-01-02T12:36:05+00:00\" \/>\n<meta name=\"twitter:card\" content=\"summary_large_image\" \/>\n<meta name=\"twitter:label1\" content=\"Est. reading time\" \/>\n\t<meta name=\"twitter:data1\" content=\"1 minute\" \/>\n<script type=\"application\/ld+json\" class=\"yoast-schema-graph\">{\"@context\":\"https:\\\/\\\/schema.org\",\"@graph\":[{\"@type\":\"WebPage\",\"@id\":\"http:\\\/\\\/www.bulentsenocak.com\\\/kitaplar\\\/\",\"url\":\"http:\\\/\\\/www.bulentsenocak.com\\\/kitaplar\\\/\",\"name\":\"Kaleme Ald\u0131\u011f\u0131m Kitaplar\u0131m | B\u00fclent \u015eenocak\",\"isPartOf\":{\"@id\":\"http:\\\/\\\/www.bulentsenocak.com\\\/#website\"},\"datePublished\":\"2025-12-17T10:10:47+00:00\",\"dateModified\":\"2026-01-02T12:36:05+00:00\",\"description\":\"B\u00fclent \u015eenocak'\u0131n kaleme ald\u0131\u011f\u0131 t\u00fcm kitaplar\u0131 bulabilir, yeni \u00e7\u0131kacak olan kitaplar\u0131 g\u00f6rebilir ve inceleyebilirsiniz! Daha fazla bilgi i\u00e7in t\u0131klay\u0131n\u0131z.\",\"breadcrumb\":{\"@id\":\"http:\\\/\\\/www.bulentsenocak.com\\\/kitaplar\\\/#breadcrumb\"},\"inLanguage\":\"en-US\",\"potentialAction\":[{\"@type\":\"ReadAction\",\"target\":[\"http:\\\/\\\/www.bulentsenocak.com\\\/kitaplar\\\/\"]}]},{\"@type\":\"BreadcrumbList\",\"@id\":\"http:\\\/\\\/www.bulentsenocak.com\\\/kitaplar\\\/#breadcrumb\",\"itemListElement\":[{\"@type\":\"ListItem\",\"position\":1,\"name\":\"Home\",\"item\":\"http:\\\/\\\/www.bulentsenocak.com\\\/\"},{\"@type\":\"ListItem\",\"position\":2,\"name\":\"Kitaplar\u0131m\"}]},{\"@type\":\"WebSite\",\"@id\":\"http:\\\/\\\/www.bulentsenocak.com\\\/#website\",\"url\":\"http:\\\/\\\/www.bulentsenocak.com\\\/\",\"name\":\"B&uuml;lent \u015eenocak\",\"description\":\"Kalemim, &ouml;zg&uuml;rl&uuml;\u011f&uuml;m&uuml;n kanatlar\u0131d\u0131r.\",\"publisher\":{\"@id\":\"http:\\\/\\\/www.bulentsenocak.com\\\/#\\\/schema\\\/person\\\/d6b6a272870f4cd2600a30e279637d51\"},\"potentialAction\":[{\"@type\":\"SearchAction\",\"target\":{\"@type\":\"EntryPoint\",\"urlTemplate\":\"http:\\\/\\\/www.bulentsenocak.com\\\/?s={search_term_string}\"},\"query-input\":{\"@type\":\"PropertyValueSpecification\",\"valueRequired\":true,\"valueName\":\"search_term_string\"}}],\"inLanguage\":\"en-US\"},{\"@type\":[\"Person\",\"Organization\"],\"@id\":\"http:\\\/\\\/www.bulentsenocak.com\\\/#\\\/schema\\\/person\\\/d6b6a272870f4cd2600a30e279637d51\",\"name\":\"B\u00fclent \u015eenocak\",\"image\":{\"@type\":\"ImageObject\",\"inLanguage\":\"en-US\",\"@id\":\"https:\\\/\\\/www.bulentsenocak.com\\\/wp-content\\\/uploads\\\/2025\\\/12\\\/logo-1-1.png\",\"url\":\"https:\\\/\\\/www.bulentsenocak.com\\\/wp-content\\\/uploads\\\/2025\\\/12\\\/logo-1-1.png\",\"contentUrl\":\"https:\\\/\\\/www.bulentsenocak.com\\\/wp-content\\\/uploads\\\/2025\\\/12\\\/logo-1-1.png\",\"width\":622,\"height\":412,\"caption\":\"B\u00fclent \u015eenocak\"},\"logo\":{\"@id\":\"https:\\\/\\\/www.bulentsenocak.com\\\/wp-content\\\/uploads\\\/2025\\\/12\\\/logo-1-1.png\"},\"sameAs\":[\"https:\\\/\\\/www.bulentsenocak.com\"]}]}<\/script>\n<!-- \/ Yoast SEO plugin. -->","yoast_head_json":{"title":"Kaleme Ald\u0131\u011f\u0131m Kitaplar\u0131m | B\u00fclent \u015eenocak","description":"B\u00fclent \u015eenocak'\u0131n kaleme ald\u0131\u011f\u0131 t\u00fcm kitaplar\u0131 bulabilir, yeni \u00e7\u0131kacak olan kitaplar\u0131 g\u00f6rebilir ve inceleyebilirsiniz! Daha fazla bilgi i\u00e7in t\u0131klay\u0131n\u0131z.","robots":{"index":"index","follow":"follow","max-snippet":"max-snippet:-1","max-image-preview":"max-image-preview:large","max-video-preview":"max-video-preview:-1"},"canonical":"http:\/\/www.bulentsenocak.com\/en\/kitaplar\/","og_locale":"en_US","og_type":"article","og_title":"Kaleme Ald\u0131\u011f\u0131m Kitaplar\u0131m | B\u00fclent \u015eenocak","og_description":"B\u00fclent \u015eenocak'\u0131n kaleme ald\u0131\u011f\u0131 t\u00fcm kitaplar\u0131 bulabilir, yeni \u00e7\u0131kacak olan kitaplar\u0131 g\u00f6rebilir ve inceleyebilirsiniz! Daha fazla bilgi i\u00e7in t\u0131klay\u0131n\u0131z.","og_url":"http:\/\/www.bulentsenocak.com\/en\/kitaplar\/","og_site_name":"B&uuml;lent \u015eenocak","article_modified_time":"2026-01-02T12:36:05+00:00","twitter_card":"summary_large_image","twitter_misc":{"Est. reading time":"1 minute"},"schema":{"@context":"https:\/\/schema.org","@graph":[{"@type":"WebPage","@id":"http:\/\/www.bulentsenocak.com\/kitaplar\/","url":"http:\/\/www.bulentsenocak.com\/kitaplar\/","name":"Kaleme Ald\u0131\u011f\u0131m Kitaplar\u0131m | B\u00fclent \u015eenocak","isPartOf":{"@id":"http:\/\/www.bulentsenocak.com\/#website"},"datePublished":"2025-12-17T10:10:47+00:00","dateModified":"2026-01-02T12:36:05+00:00","description":"B\u00fclent \u015eenocak'\u0131n kaleme ald\u0131\u011f\u0131 t\u00fcm kitaplar\u0131 bulabilir, yeni \u00e7\u0131kacak olan kitaplar\u0131 g\u00f6rebilir ve inceleyebilirsiniz! Daha fazla bilgi i\u00e7in t\u0131klay\u0131n\u0131z.","breadcrumb":{"@id":"http:\/\/www.bulentsenocak.com\/kitaplar\/#breadcrumb"},"inLanguage":"en-US","potentialAction":[{"@type":"ReadAction","target":["http:\/\/www.bulentsenocak.com\/kitaplar\/"]}]},{"@type":"BreadcrumbList","@id":"http:\/\/www.bulentsenocak.com\/kitaplar\/#breadcrumb","itemListElement":[{"@type":"ListItem","position":1,"name":"Home","item":"http:\/\/www.bulentsenocak.com\/"},{"@type":"ListItem","position":2,"name":"Kitaplar\u0131m"}]},{"@type":"WebSite","@id":"http:\/\/www.bulentsenocak.com\/#website","url":"http:\/\/www.bulentsenocak.com\/","name":"B&uuml;lent \u015eenocak","description":"Kalemim, &ouml;zg&uuml;rl&uuml;\u011f&uuml;m&uuml;n kanatlar\u0131d\u0131r.","publisher":{"@id":"http:\/\/www.bulentsenocak.com\/#\/schema\/person\/d6b6a272870f4cd2600a30e279637d51"},"potentialAction":[{"@type":"SearchAction","target":{"@type":"EntryPoint","urlTemplate":"http:\/\/www.bulentsenocak.com\/?s={search_term_string}"},"query-input":{"@type":"PropertyValueSpecification","valueRequired":true,"valueName":"search_term_string"}}],"inLanguage":"en-US"},{"@type":["Person","Organization"],"@id":"http:\/\/www.bulentsenocak.com\/#\/schema\/person\/d6b6a272870f4cd2600a30e279637d51","name":"B\u00fclent \u015eenocak","image":{"@type":"ImageObject","inLanguage":"en-US","@id":"https:\/\/www.bulentsenocak.com\/wp-content\/uploads\/2025\/12\/logo-1-1.png","url":"https:\/\/www.bulentsenocak.com\/wp-content\/uploads\/2025\/12\/logo-1-1.png","contentUrl":"https:\/\/www.bulentsenocak.com\/wp-content\/uploads\/2025\/12\/logo-1-1.png","width":622,"height":412,"caption":"B\u00fclent \u015eenocak"},"logo":{"@id":"https:\/\/www.bulentsenocak.com\/wp-content\/uploads\/2025\/12\/logo-1-1.png"},"sameAs":["https:\/\/www.bulentsenocak.com"]}]}},"_links":{"self":[{"href":"https:\/\/www.bulentsenocak.com\/en\/wp-json\/wp\/v2\/pages\/16","targetHints":{"allow":["GET"]}}],"collection":[{"href":"https:\/\/www.bulentsenocak.com\/en\/wp-json\/wp\/v2\/pages"}],"about":[{"href":"https:\/\/www.bulentsenocak.com\/en\/wp-json\/wp\/v2\/types\/page"}],"author":[{"embeddable":true,"href":"https:\/\/www.bulentsenocak.com\/en\/wp-json\/wp\/v2\/users\/1"}],"replies":[{"embeddable":true,"href":"https:\/\/www.bulentsenocak.com\/en\/wp-json\/wp\/v2\/comments?post=16"}],"version-history":[{"count":104,"href":"https:\/\/www.bulentsenocak.com\/en\/wp-json\/wp\/v2\/pages\/16\/revisions"}],"predecessor-version":[{"id":916,"href":"https:\/\/www.bulentsenocak.com\/en\/wp-json\/wp\/v2\/pages\/16\/revisions\/916"}],"wp:attachment":[{"href":"https:\/\/www.bulentsenocak.com\/en\/wp-json\/wp\/v2\/media?parent=16"}],"curies":[{"name":"wp","href":"https:\/\/api.w.org\/{rel}","templated":true}]}}