{"id":12,"date":"2025-12-16T21:05:35","date_gmt":"2025-12-16T21:05:35","guid":{"rendered":"http:\/\/www.bulentsenocak.com\/?page_id=12"},"modified":"2026-01-24T16:13:37","modified_gmt":"2026-01-24T16:13:37","slug":"hakkinda","status":"publish","type":"page","link":"https:\/\/www.bulentsenocak.com\/en\/hakkinda\/","title":{"rendered":"About"},"content":{"rendered":"<figure class=\"wp-block-image aligncenter size-full is-resized\"><img loading=\"lazy\" decoding=\"async\" width=\"724\" height=\"809\" src=\"https:\/\/www.bulentsenocak.com\/wp-content\/uploads\/2026\/01\/WhatsApp-Image-2026-01-22-at-15.58.01.jpeg\" alt=\"\" class=\"wp-image-1109\" style=\"aspect-ratio:0.9038278894991122;width:304px;height:auto\" srcset=\"https:\/\/www.bulentsenocak.com\/wp-content\/uploads\/2026\/01\/WhatsApp-Image-2026-01-22-at-15.58.01.jpeg 724w, https:\/\/www.bulentsenocak.com\/wp-content\/uploads\/2026\/01\/WhatsApp-Image-2026-01-22-at-15.58.01-268x300.jpeg 268w, https:\/\/www.bulentsenocak.com\/wp-content\/uploads\/2026\/01\/WhatsApp-Image-2026-01-22-at-15.58.01-11x12.jpeg 11w\" sizes=\"auto, (max-width: 724px) 100vw, 724px\" \/><\/figure>\n\n\n\n<h3 class=\"wp-block-heading has-text-align-center\"><\/h3>\n\n\n\n<p class=\"translation-block\"><strong>Historian and author B\u00fclent \u015eenocak<\/strong> was born on November 29, 1954, in \u0130zmir, Turkey. He\nreceived his early education at \u0130zmir Saint Joseph French Secondary School and \u0130zmir Private Fatih\nCollege. He graduated from the Department of Finance at Istanbul University Faculty of Business\nAdministration in 1978 and earned a degree in History from Anadolu University Open Education\nFaculty in 2025.<\/p>\n\n\n\n<p class=\"translation-block\">Beginning his professional career in the industrial sector, \u015eenocak held senior executive positions at\nhis family-owned company, Klimasan Inc., until 1994. In the following years, he served as the\nTurkey representative for several Italian companies operating in the film and packaging industries.\nWith the aim of pursuing his work in publishing, he founded \u015eenocak Publishing in 2008. Until\n2013, he published 80 books and seven issues of the journal \u0130zmir: History and Society. In 2008,\n\u0130zmir: History and Society was awarded the Respect for History and Local Preservation Award\nby the \u0130zmir Metropolitan Municipality.<\/p>\n\n\n\n<p>Actively engaged in civil society, \u015eenocak founded the Aegean Young Business People Association\n(EG\u0130AD) in 1990 and served as its president for two years. In 1993, he assumed the role of National\nPresident of Junior Chamber International (JCI) Turkey and remains a member of the JCI and JCI\nTurkey Senate. He served as President of the Alsancak Rotary Club in 2009. He is among the\nfounders of the \u0130zmir Institute of Technology Foundation (\u0130YTEV), the Aegean Foundation for the\nDevelopment of the Economy (EGEV), and the Human, Friendship, and Benevolence Foundation.\nHe is also a member of the Board of Trustees of the Social Solidarity and Happy Retirement\nFoundation (SEV) and the Foundation for Children in Need of Protection (KORUNCUK). He\nfounded the \u0130zmir Culture and History Platform and served for many years as Chairman of its\nExecutive Board. <\/p>\n\n\n\n<p class=\"translation-block\">\u015eenocak began his literary career with research and analytical works. His first book, Izmir, the Star\nof the Levant \u2013 Levantines, Greeks, Armenians, and Jews, was published in 2003. The fifth edition\nof the book was released by Yak\u0131n Publishing House and received the Respect for History and\nLocal Preservation Award from the \u0130zmir Metropolitan Municipality in 2008. The Greek\ntranslation of the work was published in Thessaloniki by Epikentro Publishing House in 2020.<\/p>\n\n\n\n<p class=\"translation-block\">Published in 2013, The Humanized God is a philosophical essay. His novel Broken on Dream\nRoads, published by GOA Publishing in 2013, was translated into English by Brendan Freely under\nthe title Shattered Dreams and released by Amazon KDP in 2014. The Arabic translation was\npublished in Egypt in 2016, followed by the Italian translation in Italy in 2022. His novel Blood\nLibel, first published in 2017, is his most recent work of fiction; its second edition was released by\nYak\u0131n Publishing House in 2022.<\/p>\n\n\n\n<p class=\"translation-block\">His urban memory study Sad\u0131kbey \u2013 If Mansions Could Speak was published by Yak\u0131n Publishing\nHouse in 2022 and subsequently adapted into a documentary film. The documentary has been\nscreened at various festivals and competitions. His biographical work What Remains in This World:\nThe Life Story of Cem Bakio\u011flu focuses on the life of a prominent businessman from \u0130zmir.<\/p>\n\n\n\n<p>B\u00fclent \u015eenocak is married, has one daughter, and is the grandfather of two. He is fluent in English\nand French and has an intermediate command of German.<br><br><\/p>\n\n\n\n<figure class=\"wp-block-image aligncenter size-full is-resized\"><img loading=\"lazy\" decoding=\"async\" width=\"841\" height=\"901\" src=\"https:\/\/www.bulentsenocak.com\/wp-content\/uploads\/2025\/12\/FB_IMG_1766432011843.jpg\" alt=\"\" class=\"wp-image-379\" style=\"aspect-ratio:0.9334126347909286;width:321px;height:auto\" srcset=\"https:\/\/www.bulentsenocak.com\/wp-content\/uploads\/2025\/12\/FB_IMG_1766432011843.jpg 841w, https:\/\/www.bulentsenocak.com\/wp-content\/uploads\/2025\/12\/FB_IMG_1766432011843-280x300.jpg 280w, https:\/\/www.bulentsenocak.com\/wp-content\/uploads\/2025\/12\/FB_IMG_1766432011843-768x823.jpg 768w\" sizes=\"auto, (max-width: 841px) 100vw, 841px\" \/><\/figure>\n\n\n\n<p class=\"has-text-align-center\">Anadolu University, Open Education Faculty, Department of History Graduation Memory (June 2025)<\/p>\n\n\n\n<ul class=\"wp-block-social-links aligncenter is-layout-flex wp-block-social-links-is-layout-flex\"><li class=\"wp-social-link wp-social-link-linkedin  wp-block-social-link\"><a href=\"https:\/\/www.linkedin.com\/in\/b%C3%BClent-%C5%9Fenocak-b02319135\/\" class=\"wp-block-social-link-anchor\"><svg width=\"24\" height=\"24\" viewbox=\"0 0 24 24\" version=\"1.1\" xmlns=\"http:\/\/www.w3.org\/2000\/svg\" aria-hidden=\"true\" focusable=\"false\"><path d=\"M19.7,3H4.3C3.582,3,3,3.582,3,4.3v15.4C3,20.418,3.582,21,4.3,21h15.4c0.718,0,1.3-0.582,1.3-1.3V4.3 C21,3.582,20.418,3,19.7,3z M8.339,18.338H5.667v-8.59h2.672V18.338z M7.004,8.574c-0.857,0-1.549-0.694-1.549-1.548 c0-0.855,0.691-1.548,1.549-1.548c0.854,0,1.547,0.694,1.547,1.548C8.551,7.881,7.858,8.574,7.004,8.574z M18.339,18.338h-2.669 v-4.177c0-0.996-0.017-2.278-1.387-2.278c-1.389,0-1.601,1.086-1.601,2.206v4.249h-2.667v-8.59h2.559v1.174h0.037 c0.356-0.675,1.227-1.387,2.526-1.387c2.703,0,3.203,1.779,3.203,4.092V18.338z\"><\/path><\/svg><span class=\"wp-block-social-link-label screen-reader-text\">LinkedIn<\/span><\/a><\/li>\n\n<li class=\"wp-social-link wp-social-link-facebook  wp-block-social-link\"><a href=\"https:\/\/www.facebook.com\/bulent.senocak.7\" class=\"wp-block-social-link-anchor\"><svg width=\"24\" height=\"24\" viewbox=\"0 0 24 24\" version=\"1.1\" xmlns=\"http:\/\/www.w3.org\/2000\/svg\" aria-hidden=\"true\" focusable=\"false\"><path d=\"M12 2C6.5 2 2 6.5 2 12c0 5 3.7 9.1 8.4 9.9v-7H7.9V12h2.5V9.8c0-2.5 1.5-3.9 3.8-3.9 1.1 0 2.2.2 2.2.2v2.5h-1.3c-1.2 0-1.6.8-1.6 1.6V12h2.8l-.4 2.9h-2.3v7C18.3 21.1 22 17 22 12c0-5.5-4.5-10-10-10z\"><\/path><\/svg><span class=\"wp-block-social-link-label screen-reader-text\">Facebook<\/span><\/a><\/li>\n\n<li class=\"wp-social-link wp-social-link-instagram  wp-block-social-link\"><a href=\"https:\/\/www.instagram.com\/bulentsenocak54\/?hl=en\" class=\"wp-block-social-link-anchor\"><svg width=\"24\" height=\"24\" viewbox=\"0 0 24 24\" version=\"1.1\" xmlns=\"http:\/\/www.w3.org\/2000\/svg\" aria-hidden=\"true\" focusable=\"false\"><path d=\"M12,4.622c2.403,0,2.688,0.009,3.637,0.052c0.877,0.04,1.354,0.187,1.671,0.31c0.42,0.163,0.72,0.358,1.035,0.673 c0.315,0.315,0.51,0.615,0.673,1.035c0.123,0.317,0.27,0.794,0.31,1.671c0.043,0.949,0.052,1.234,0.052,3.637 s-0.009,2.688-0.052,3.637c-0.04,0.877-0.187,1.354-0.31,1.671c-0.163,0.42-0.358,0.72-0.673,1.035 c-0.315,0.315-0.615,0.51-1.035,0.673c-0.317,0.123-0.794,0.27-1.671,0.31c-0.949,0.043-1.233,0.052-3.637,0.052 s-2.688-0.009-3.637-0.052c-0.877-0.04-1.354-0.187-1.671-0.31c-0.42-0.163-0.72-0.358-1.035-0.673 c-0.315-0.315-0.51-0.615-0.673-1.035c-0.123-0.317-0.27-0.794-0.31-1.671C4.631,14.688,4.622,14.403,4.622,12 s0.009-2.688,0.052-3.637c0.04-0.877,0.187-1.354,0.31-1.671c0.163-0.42,0.358-0.72,0.673-1.035 c0.315-0.315,0.615-0.51,1.035-0.673c0.317-0.123,0.794-0.27,1.671-0.31C9.312,4.631,9.597,4.622,12,4.622 M12,3 C9.556,3,9.249,3.01,8.289,3.054C7.331,3.098,6.677,3.25,6.105,3.472C5.513,3.702,5.011,4.01,4.511,4.511 c-0.5,0.5-0.808,1.002-1.038,1.594C3.25,6.677,3.098,7.331,3.054,8.289C3.01,9.249,3,9.556,3,12c0,2.444,0.01,2.751,0.054,3.711 c0.044,0.958,0.196,1.612,0.418,2.185c0.23,0.592,0.538,1.094,1.038,1.594c0.5,0.5,1.002,0.808,1.594,1.038 c0.572,0.222,1.227,0.375,2.185,0.418C9.249,20.99,9.556,21,12,21s2.751-0.01,3.711-0.054c0.958-0.044,1.612-0.196,2.185-0.418 c0.592-0.23,1.094-0.538,1.594-1.038c0.5-0.5,0.808-1.002,1.038-1.594c0.222-0.572,0.375-1.227,0.418-2.185 C20.99,14.751,21,14.444,21,12s-0.01-2.751-0.054-3.711c-0.044-0.958-0.196-1.612-0.418-2.185c-0.23-0.592-0.538-1.094-1.038-1.594 c-0.5-0.5-1.002-0.808-1.594-1.038c-0.572-0.222-1.227-0.375-2.185-0.418C14.751,3.01,14.444,3,12,3L12,3z M12,7.378 c-2.552,0-4.622,2.069-4.622,4.622S9.448,16.622,12,16.622s4.622-2.069,4.622-4.622S14.552,7.378,12,7.378z M12,15 c-1.657,0-3-1.343-3-3s1.343-3,3-3s3,1.343,3,3S13.657,15,12,15z M16.804,6.116c-0.596,0-1.08,0.484-1.08,1.08 s0.484,1.08,1.08,1.08c0.596,0,1.08-0.484,1.08-1.08S17.401,6.116,16.804,6.116z\"><\/path><\/svg><span class=\"wp-block-social-link-label screen-reader-text\">Instagram<\/span><\/a><\/li>\n\n<li class=\"wp-social-link wp-social-link-x  wp-block-social-link\"><a href=\"https:\/\/x.com\/bulentsenocak54\" class=\"wp-block-social-link-anchor\"><svg width=\"24\" height=\"24\" viewbox=\"0 0 24 24\" version=\"1.1\" xmlns=\"http:\/\/www.w3.org\/2000\/svg\" aria-hidden=\"true\" focusable=\"false\"><path d=\"M13.982 10.622 20.54 3h-1.554l-5.693 6.618L8.745 3H3.5l6.876 10.007L3.5 21h1.554l6.012-6.989L15.868 21h5.245l-7.131-10.378Zm-2.128 2.474-.697-.997-5.543-7.93H8l4.474 6.4.697.996 5.815 8.318h-2.387l-4.745-6.787Z\" \/><\/svg><span class=\"wp-block-social-link-label screen-reader-text\">X<\/span><\/a><\/li><\/ul>","protected":false},"excerpt":{"rendered":"<p>Tarih\u00e7i ve yazar B\u00fclent \u015eenocak, 29 Kas\u0131m 1954\u2019te \u0130zmir\u2019de do\u011fdu. \u0130zmir Saint Joseph Frans\u0131z Ortaokulu ile \u0130zmir \u00d6zel Fatih Koleji\u2019nde \u00f6\u011frenim g\u00f6rd\u00fc. 1978 y\u0131l\u0131nda \u0130stanbul \u00dcniversitesi \u0130\u015fletme Fak\u00fcltesi Finans B\u00f6l\u00fcm\u00fc\u2019nden, 2025 y\u0131l\u0131nda ise Anadolu \u00dcniversitesi A\u00e7\u0131k\u00f6\u011fretim Fak\u00fcltesi Tarih B\u00f6l\u00fcm\u00fc\u2019nden mezun oldu. \u0130\u015f ya\u015fam\u0131na sanayi sekt\u00f6r\u00fcnde ba\u015flayan \u015eenocak, 1994 y\u0131l\u0131na kadar aile \u015firketi olan Klimasan A.\u015e.\u2019de [&hellip;]<\/p>\n","protected":false},"author":1,"featured_media":0,"parent":0,"menu_order":0,"comment_status":"closed","ping_status":"closed","template":"","meta":{"footnotes":""},"class_list":["post-12","page","type-page","status-publish","hentry"],"yoast_head":"<!-- This site is optimized with the Yoast SEO plugin v27.5 - https:\/\/yoast.com\/product\/yoast-seo-wordpress\/ -->\n<title>Hakk\u0131nda | B&uuml;lent \u015eenocak<\/title>\n<meta name=\"description\" content=\"Tarih\u00e7i ve yazar B\u00fclent \u015eenocak, 29 Kas\u0131m 1954\u2019te \u0130zmir\u2019de do\u011fdu. \u0130zmir Saint Joseph Frans\u0131z Ortaokulu ile \u0130zmir \u00d6zel Fatih Koleji\u2019nde \u00f6\u011frenim g\u00f6rd\u00fc.\" \/>\n<meta name=\"robots\" content=\"index, follow, max-snippet:-1, max-image-preview:large, max-video-preview:-1\" \/>\n<link rel=\"canonical\" href=\"https:\/\/www.bulentsenocak.com\/en\/hakkinda\/\" \/>\n<meta property=\"og:locale\" content=\"en_US\" \/>\n<meta property=\"og:type\" content=\"article\" \/>\n<meta property=\"og:title\" content=\"Hakk\u0131nda | B&uuml;lent \u015eenocak\" \/>\n<meta property=\"og:description\" content=\"Tarih\u00e7i ve yazar B\u00fclent \u015eenocak, 29 Kas\u0131m 1954\u2019te \u0130zmir\u2019de do\u011fdu. \u0130zmir Saint Joseph Frans\u0131z Ortaokulu ile \u0130zmir \u00d6zel Fatih Koleji\u2019nde \u00f6\u011frenim g\u00f6rd\u00fc.\" \/>\n<meta property=\"og:url\" content=\"https:\/\/www.bulentsenocak.com\/en\/hakkinda\/\" \/>\n<meta property=\"og:site_name\" content=\"B&uuml;lent \u015eenocak\" \/>\n<meta property=\"article:modified_time\" content=\"2026-01-24T16:13:37+00:00\" \/>\n<meta property=\"og:image\" content=\"https:\/\/www.bulentsenocak.com\/wp-content\/uploads\/2026\/01\/WhatsApp-Image-2026-01-22-at-15.58.01.jpeg\" \/>\n\t<meta property=\"og:image:width\" content=\"724\" \/>\n\t<meta property=\"og:image:height\" content=\"809\" \/>\n\t<meta property=\"og:image:type\" content=\"image\/jpeg\" \/>\n<meta name=\"twitter:card\" content=\"summary_large_image\" \/>\n<meta name=\"twitter:label1\" content=\"Est. reading time\" \/>\n\t<meta name=\"twitter:data1\" content=\"3 minutes\" \/>\n<script type=\"application\/ld+json\" class=\"yoast-schema-graph\">{\"@context\":\"https:\\\/\\\/schema.org\",\"@graph\":[{\"@type\":\"WebPage\",\"@id\":\"https:\\\/\\\/www.bulentsenocak.com\\\/hakkinda\\\/\",\"url\":\"https:\\\/\\\/www.bulentsenocak.com\\\/hakkinda\\\/\",\"name\":\"Hakk\u0131nda | B&uuml;lent \u015eenocak\",\"isPartOf\":{\"@id\":\"http:\\\/\\\/www.bulentsenocak.com\\\/#website\"},\"primaryImageOfPage\":{\"@id\":\"https:\\\/\\\/www.bulentsenocak.com\\\/hakkinda\\\/#primaryimage\"},\"image\":{\"@id\":\"https:\\\/\\\/www.bulentsenocak.com\\\/hakkinda\\\/#primaryimage\"},\"thumbnailUrl\":\"https:\\\/\\\/www.bulentsenocak.com\\\/wp-content\\\/uploads\\\/2026\\\/01\\\/WhatsApp-Image-2026-01-22-at-15.58.01.jpeg\",\"datePublished\":\"2025-12-16T21:05:35+00:00\",\"dateModified\":\"2026-01-24T16:13:37+00:00\",\"description\":\"Tarih\u00e7i ve yazar B\u00fclent \u015eenocak, 29 Kas\u0131m 1954\u2019te \u0130zmir\u2019de do\u011fdu. \u0130zmir Saint Joseph Frans\u0131z Ortaokulu ile \u0130zmir \u00d6zel Fatih Koleji\u2019nde \u00f6\u011frenim g\u00f6rd\u00fc.\",\"breadcrumb\":{\"@id\":\"https:\\\/\\\/www.bulentsenocak.com\\\/hakkinda\\\/#breadcrumb\"},\"inLanguage\":\"en-US\",\"potentialAction\":[{\"@type\":\"ReadAction\",\"target\":[\"https:\\\/\\\/www.bulentsenocak.com\\\/hakkinda\\\/\"]}]},{\"@type\":\"ImageObject\",\"inLanguage\":\"en-US\",\"@id\":\"https:\\\/\\\/www.bulentsenocak.com\\\/hakkinda\\\/#primaryimage\",\"url\":\"https:\\\/\\\/www.bulentsenocak.com\\\/wp-content\\\/uploads\\\/2026\\\/01\\\/WhatsApp-Image-2026-01-22-at-15.58.01.jpeg\",\"contentUrl\":\"https:\\\/\\\/www.bulentsenocak.com\\\/wp-content\\\/uploads\\\/2026\\\/01\\\/WhatsApp-Image-2026-01-22-at-15.58.01.jpeg\"},{\"@type\":\"BreadcrumbList\",\"@id\":\"https:\\\/\\\/www.bulentsenocak.com\\\/hakkinda\\\/#breadcrumb\",\"itemListElement\":[{\"@type\":\"ListItem\",\"position\":1,\"name\":\"Home\",\"item\":\"http:\\\/\\\/www.bulentsenocak.com\\\/\"},{\"@type\":\"ListItem\",\"position\":2,\"name\":\"Hakk\u0131nda\"}]},{\"@type\":\"WebSite\",\"@id\":\"http:\\\/\\\/www.bulentsenocak.com\\\/#website\",\"url\":\"http:\\\/\\\/www.bulentsenocak.com\\\/\",\"name\":\"B&uuml;lent \u015eenocak\",\"description\":\"Kalemim, &ouml;zg&uuml;rl&uuml;\u011f&uuml;m&uuml;n kanatlar\u0131d\u0131r.\",\"publisher\":{\"@id\":\"http:\\\/\\\/www.bulentsenocak.com\\\/#\\\/schema\\\/person\\\/d6b6a272870f4cd2600a30e279637d51\"},\"potentialAction\":[{\"@type\":\"SearchAction\",\"target\":{\"@type\":\"EntryPoint\",\"urlTemplate\":\"http:\\\/\\\/www.bulentsenocak.com\\\/?s={search_term_string}\"},\"query-input\":{\"@type\":\"PropertyValueSpecification\",\"valueRequired\":true,\"valueName\":\"search_term_string\"}}],\"inLanguage\":\"en-US\"},{\"@type\":[\"Person\",\"Organization\"],\"@id\":\"http:\\\/\\\/www.bulentsenocak.com\\\/#\\\/schema\\\/person\\\/d6b6a272870f4cd2600a30e279637d51\",\"name\":\"B\u00fclent \u015eenocak\",\"image\":{\"@type\":\"ImageObject\",\"inLanguage\":\"en-US\",\"@id\":\"https:\\\/\\\/www.bulentsenocak.com\\\/wp-content\\\/uploads\\\/2025\\\/12\\\/logo-1-1.png\",\"url\":\"https:\\\/\\\/www.bulentsenocak.com\\\/wp-content\\\/uploads\\\/2025\\\/12\\\/logo-1-1.png\",\"contentUrl\":\"https:\\\/\\\/www.bulentsenocak.com\\\/wp-content\\\/uploads\\\/2025\\\/12\\\/logo-1-1.png\",\"width\":622,\"height\":412,\"caption\":\"B\u00fclent \u015eenocak\"},\"logo\":{\"@id\":\"https:\\\/\\\/www.bulentsenocak.com\\\/wp-content\\\/uploads\\\/2025\\\/12\\\/logo-1-1.png\"},\"sameAs\":[\"https:\\\/\\\/www.bulentsenocak.com\"]}]}<\/script>\n<!-- \/ Yoast SEO plugin. -->","yoast_head_json":{"title":"Hakk\u0131nda | B&uuml;lent \u015eenocak","description":"Tarih\u00e7i ve yazar B\u00fclent \u015eenocak, 29 Kas\u0131m 1954\u2019te \u0130zmir\u2019de do\u011fdu. \u0130zmir Saint Joseph Frans\u0131z Ortaokulu ile \u0130zmir \u00d6zel Fatih Koleji\u2019nde \u00f6\u011frenim g\u00f6rd\u00fc.","robots":{"index":"index","follow":"follow","max-snippet":"max-snippet:-1","max-image-preview":"max-image-preview:large","max-video-preview":"max-video-preview:-1"},"canonical":"https:\/\/www.bulentsenocak.com\/en\/hakkinda\/","og_locale":"en_US","og_type":"article","og_title":"Hakk\u0131nda | B&uuml;lent \u015eenocak","og_description":"Tarih\u00e7i ve yazar B\u00fclent \u015eenocak, 29 Kas\u0131m 1954\u2019te \u0130zmir\u2019de do\u011fdu. \u0130zmir Saint Joseph Frans\u0131z Ortaokulu ile \u0130zmir \u00d6zel Fatih Koleji\u2019nde \u00f6\u011frenim g\u00f6rd\u00fc.","og_url":"https:\/\/www.bulentsenocak.com\/en\/hakkinda\/","og_site_name":"B&uuml;lent \u015eenocak","article_modified_time":"2026-01-24T16:13:37+00:00","og_image":[{"width":724,"height":809,"url":"https:\/\/www.bulentsenocak.com\/wp-content\/uploads\/2026\/01\/WhatsApp-Image-2026-01-22-at-15.58.01.jpeg","type":"image\/jpeg"}],"twitter_card":"summary_large_image","twitter_misc":{"Est. reading time":"3 minutes"},"schema":{"@context":"https:\/\/schema.org","@graph":[{"@type":"WebPage","@id":"https:\/\/www.bulentsenocak.com\/hakkinda\/","url":"https:\/\/www.bulentsenocak.com\/hakkinda\/","name":"Hakk\u0131nda | B&uuml;lent \u015eenocak","isPartOf":{"@id":"http:\/\/www.bulentsenocak.com\/#website"},"primaryImageOfPage":{"@id":"https:\/\/www.bulentsenocak.com\/hakkinda\/#primaryimage"},"image":{"@id":"https:\/\/www.bulentsenocak.com\/hakkinda\/#primaryimage"},"thumbnailUrl":"https:\/\/www.bulentsenocak.com\/wp-content\/uploads\/2026\/01\/WhatsApp-Image-2026-01-22-at-15.58.01.jpeg","datePublished":"2025-12-16T21:05:35+00:00","dateModified":"2026-01-24T16:13:37+00:00","description":"Tarih\u00e7i ve yazar B\u00fclent \u015eenocak, 29 Kas\u0131m 1954\u2019te \u0130zmir\u2019de do\u011fdu. \u0130zmir Saint Joseph Frans\u0131z Ortaokulu ile \u0130zmir \u00d6zel Fatih Koleji\u2019nde \u00f6\u011frenim g\u00f6rd\u00fc.","breadcrumb":{"@id":"https:\/\/www.bulentsenocak.com\/hakkinda\/#breadcrumb"},"inLanguage":"en-US","potentialAction":[{"@type":"ReadAction","target":["https:\/\/www.bulentsenocak.com\/hakkinda\/"]}]},{"@type":"ImageObject","inLanguage":"en-US","@id":"https:\/\/www.bulentsenocak.com\/hakkinda\/#primaryimage","url":"https:\/\/www.bulentsenocak.com\/wp-content\/uploads\/2026\/01\/WhatsApp-Image-2026-01-22-at-15.58.01.jpeg","contentUrl":"https:\/\/www.bulentsenocak.com\/wp-content\/uploads\/2026\/01\/WhatsApp-Image-2026-01-22-at-15.58.01.jpeg"},{"@type":"BreadcrumbList","@id":"https:\/\/www.bulentsenocak.com\/hakkinda\/#breadcrumb","itemListElement":[{"@type":"ListItem","position":1,"name":"Home","item":"http:\/\/www.bulentsenocak.com\/"},{"@type":"ListItem","position":2,"name":"Hakk\u0131nda"}]},{"@type":"WebSite","@id":"http:\/\/www.bulentsenocak.com\/#website","url":"http:\/\/www.bulentsenocak.com\/","name":"B&uuml;lent \u015eenocak","description":"Kalemim, &ouml;zg&uuml;rl&uuml;\u011f&uuml;m&uuml;n kanatlar\u0131d\u0131r.","publisher":{"@id":"http:\/\/www.bulentsenocak.com\/#\/schema\/person\/d6b6a272870f4cd2600a30e279637d51"},"potentialAction":[{"@type":"SearchAction","target":{"@type":"EntryPoint","urlTemplate":"http:\/\/www.bulentsenocak.com\/?s={search_term_string}"},"query-input":{"@type":"PropertyValueSpecification","valueRequired":true,"valueName":"search_term_string"}}],"inLanguage":"en-US"},{"@type":["Person","Organization"],"@id":"http:\/\/www.bulentsenocak.com\/#\/schema\/person\/d6b6a272870f4cd2600a30e279637d51","name":"B\u00fclent \u015eenocak","image":{"@type":"ImageObject","inLanguage":"en-US","@id":"https:\/\/www.bulentsenocak.com\/wp-content\/uploads\/2025\/12\/logo-1-1.png","url":"https:\/\/www.bulentsenocak.com\/wp-content\/uploads\/2025\/12\/logo-1-1.png","contentUrl":"https:\/\/www.bulentsenocak.com\/wp-content\/uploads\/2025\/12\/logo-1-1.png","width":622,"height":412,"caption":"B\u00fclent \u015eenocak"},"logo":{"@id":"https:\/\/www.bulentsenocak.com\/wp-content\/uploads\/2025\/12\/logo-1-1.png"},"sameAs":["https:\/\/www.bulentsenocak.com"]}]}},"_links":{"self":[{"href":"https:\/\/www.bulentsenocak.com\/en\/wp-json\/wp\/v2\/pages\/12","targetHints":{"allow":["GET"]}}],"collection":[{"href":"https:\/\/www.bulentsenocak.com\/en\/wp-json\/wp\/v2\/pages"}],"about":[{"href":"https:\/\/www.bulentsenocak.com\/en\/wp-json\/wp\/v2\/types\/page"}],"author":[{"embeddable":true,"href":"https:\/\/www.bulentsenocak.com\/en\/wp-json\/wp\/v2\/users\/1"}],"replies":[{"embeddable":true,"href":"https:\/\/www.bulentsenocak.com\/en\/wp-json\/wp\/v2\/comments?post=12"}],"version-history":[{"count":58,"href":"https:\/\/www.bulentsenocak.com\/en\/wp-json\/wp\/v2\/pages\/12\/revisions"}],"predecessor-version":[{"id":1112,"href":"https:\/\/www.bulentsenocak.com\/en\/wp-json\/wp\/v2\/pages\/12\/revisions\/1112"}],"wp:attachment":[{"href":"https:\/\/www.bulentsenocak.com\/en\/wp-json\/wp\/v2\/media?parent=12"}],"curies":[{"name":"wp","href":"https:\/\/api.w.org\/{rel}","templated":true}]}}