{"id":1008,"date":"2026-01-07T22:16:46","date_gmt":"2026-01-07T22:16:46","guid":{"rendered":"https:\/\/www.bulentsenocak.com\/?page_id=1008"},"modified":"2026-01-10T19:38:59","modified_gmt":"2026-01-10T19:38:59","slug":"gorsel-medya","status":"publish","type":"page","link":"https:\/\/www.bulentsenocak.com\/en\/gorsel-medya\/","title":{"rendered":"Gallery"},"content":{"rendered":"<div class=\"wp-block-columns is-layout-flex wp-container-core-columns-is-layout-28f84493 wp-block-columns-is-layout-flex\">\n<div class=\"wp-block-column is-layout-flow wp-block-column-is-layout-flow\"><\/div>\n\n\n\n<div class=\"wp-block-column is-layout-flow wp-block-column-is-layout-flow\">\n<figure class=\"wp-block-image size-full\"><img loading=\"lazy\" decoding=\"async\" width=\"696\" height=\"677\" src=\"https:\/\/www.bulentsenocak.com\/wp-content\/uploads\/2025\/12\/FB_IMG_1766221137946-2.jpg\" alt=\"\" class=\"wp-image-492\" srcset=\"https:\/\/www.bulentsenocak.com\/wp-content\/uploads\/2025\/12\/FB_IMG_1766221137946-2.jpg 696w, https:\/\/www.bulentsenocak.com\/wp-content\/uploads\/2025\/12\/FB_IMG_1766221137946-2-300x292.jpg 300w\" sizes=\"auto, (max-width: 696px) 100vw, 696px\" \/><\/figure>\n<\/div>\n\n\n\n<div class=\"wp-block-column is-layout-flow wp-block-column-is-layout-flow\"><\/div>\n<\/div>\n\n\n\n<div class=\"wp-block-columns is-layout-flex wp-container-core-columns-is-layout-28f84493 wp-block-columns-is-layout-flex\">\n<div class=\"wp-block-column is-layout-flow wp-block-column-is-layout-flow\">\n<figure class=\"wp-block-image size-large\" style=\"margin-top:0;margin-bottom:0\"><img loading=\"lazy\" decoding=\"async\" width=\"722\" height=\"1024\" src=\"https:\/\/www.bulentsenocak.com\/wp-content\/uploads\/2026\/01\/SHATTERED-DERAMS-kitabinin-KIRKUS-Ddergisinde-cikan-tanitimi-722x1024.jpg\" alt=\"\" class=\"wp-image-1011\" srcset=\"https:\/\/www.bulentsenocak.com\/wp-content\/uploads\/2026\/01\/SHATTERED-DERAMS-kitabinin-KIRKUS-Ddergisinde-cikan-tanitimi-722x1024.jpg 722w, https:\/\/www.bulentsenocak.com\/wp-content\/uploads\/2026\/01\/SHATTERED-DERAMS-kitabinin-KIRKUS-Ddergisinde-cikan-tanitimi-212x300.jpg 212w, https:\/\/www.bulentsenocak.com\/wp-content\/uploads\/2026\/01\/SHATTERED-DERAMS-kitabinin-KIRKUS-Ddergisinde-cikan-tanitimi-768x1089.jpg 768w, https:\/\/www.bulentsenocak.com\/wp-content\/uploads\/2026\/01\/SHATTERED-DERAMS-kitabinin-KIRKUS-Ddergisinde-cikan-tanitimi.jpg 984w\" sizes=\"auto, (max-width: 722px) 100vw, 722px\" \/><\/figure>\n<\/div>\n\n\n\n<div class=\"wp-block-column is-layout-flow wp-block-column-is-layout-flow\">\n<figure class=\"wp-block-image size-large\" style=\"margin-top:0;margin-bottom:0\"><img loading=\"lazy\" decoding=\"async\" width=\"739\" height=\"807\" src=\"https:\/\/www.bulentsenocak.com\/wp-content\/uploads\/2026\/01\/Selanikte-yapilan-tanitim-toplantisindan-sonra-DIASTXO-dergisinde-cikan-haber.-.png\" alt=\"\" class=\"wp-image-1010\" srcset=\"https:\/\/www.bulentsenocak.com\/wp-content\/uploads\/2026\/01\/Selanikte-yapilan-tanitim-toplantisindan-sonra-DIASTXO-dergisinde-cikan-haber.-.png 739w, https:\/\/www.bulentsenocak.com\/wp-content\/uploads\/2026\/01\/Selanikte-yapilan-tanitim-toplantisindan-sonra-DIASTXO-dergisinde-cikan-haber.--275x300.png 275w\" sizes=\"auto, (max-width: 739px) 100vw, 739px\" \/><\/figure>\n<\/div>\n\n\n\n<div class=\"wp-block-column is-layout-flow wp-block-column-is-layout-flow\">\n<figure class=\"wp-block-image size-full is-style-default\" style=\"margin-top:0;margin-bottom:0\"><img loading=\"lazy\" decoding=\"async\" width=\"906\" height=\"841\" src=\"https:\/\/www.bulentsenocak.com\/wp-content\/uploads\/2026\/01\/Yunanistanda-yayimlanan-kitabimin-Selanikteki-tanitim-toplantisindan-sonra-BOOKIA-dergisinde-cikan-haber.png\" alt=\"\" class=\"wp-image-1012\" srcset=\"https:\/\/www.bulentsenocak.com\/wp-content\/uploads\/2026\/01\/Yunanistanda-yayimlanan-kitabimin-Selanikteki-tanitim-toplantisindan-sonra-BOOKIA-dergisinde-cikan-haber.png 906w, https:\/\/www.bulentsenocak.com\/wp-content\/uploads\/2026\/01\/Yunanistanda-yayimlanan-kitabimin-Selanikteki-tanitim-toplantisindan-sonra-BOOKIA-dergisinde-cikan-haber-300x278.png 300w, https:\/\/www.bulentsenocak.com\/wp-content\/uploads\/2026\/01\/Yunanistanda-yayimlanan-kitabimin-Selanikteki-tanitim-toplantisindan-sonra-BOOKIA-dergisinde-cikan-haber-768x713.png 768w\" sizes=\"auto, (max-width: 906px) 100vw, 906px\" \/><\/figure>\n<\/div>\n<\/div>\n\n\n\n<div class=\"wp-block-columns is-layout-flex wp-container-core-columns-is-layout-28f84493 wp-block-columns-is-layout-flex\">\n<div class=\"wp-block-column is-layout-flow wp-block-column-is-layout-flow\">\n<figure class=\"wp-block-image size-large\" style=\"margin-top:0;margin-bottom:0\"><img loading=\"lazy\" decoding=\"async\" width=\"503\" height=\"799\" src=\"https:\/\/www.bulentsenocak.com\/wp-content\/uploads\/2026\/01\/Yunanistanda-yayimlanan-kitabimin-Selanikteki-tanitim-toplantisindan-sonra-BOOKIA-dergisinde-cikan-haberin-devami.png\" alt=\"\" class=\"wp-image-1013\" srcset=\"https:\/\/www.bulentsenocak.com\/wp-content\/uploads\/2026\/01\/Yunanistanda-yayimlanan-kitabimin-Selanikteki-tanitim-toplantisindan-sonra-BOOKIA-dergisinde-cikan-haberin-devami.png 503w, https:\/\/www.bulentsenocak.com\/wp-content\/uploads\/2026\/01\/Yunanistanda-yayimlanan-kitabimin-Selanikteki-tanitim-toplantisindan-sonra-BOOKIA-dergisinde-cikan-haberin-devami-189x300.png 189w\" sizes=\"auto, (max-width: 503px) 100vw, 503px\" \/><\/figure>\n<\/div>\n\n\n\n<div class=\"wp-block-column is-layout-flow wp-block-column-is-layout-flow\">\n<figure class=\"wp-block-image size-large\" style=\"margin-top:0;margin-bottom:0\"><img loading=\"lazy\" decoding=\"async\" width=\"1024\" height=\"973\" src=\"https:\/\/www.bulentsenocak.com\/wp-content\/uploads\/2026\/01\/Kitabim-diger-arapca-kitaplar-arasinda-1024x973.png\" alt=\"\" class=\"wp-image-1009\" srcset=\"https:\/\/www.bulentsenocak.com\/wp-content\/uploads\/2026\/01\/Kitabim-diger-arapca-kitaplar-arasinda-1024x973.png 1024w, https:\/\/www.bulentsenocak.com\/wp-content\/uploads\/2026\/01\/Kitabim-diger-arapca-kitaplar-arasinda-300x285.png 300w, https:\/\/www.bulentsenocak.com\/wp-content\/uploads\/2026\/01\/Kitabim-diger-arapca-kitaplar-arasinda-768x730.png 768w, https:\/\/www.bulentsenocak.com\/wp-content\/uploads\/2026\/01\/Kitabim-diger-arapca-kitaplar-arasinda.png 1304w\" sizes=\"auto, (max-width: 1024px) 100vw, 1024px\" \/><\/figure>\n<\/div>\n\n\n\n<div class=\"wp-block-column is-layout-flow wp-block-column-is-layout-flow\">\n<figure class=\"wp-block-image size-large\" style=\"margin-top:0;margin-bottom:0\"><img loading=\"lazy\" decoding=\"async\" width=\"891\" height=\"1024\" src=\"https:\/\/www.bulentsenocak.com\/wp-content\/uploads\/2025\/12\/FB_IMG_1766218689268-891x1024.jpg\" alt=\"\" class=\"wp-image-196\" srcset=\"https:\/\/www.bulentsenocak.com\/wp-content\/uploads\/2025\/12\/FB_IMG_1766218689268-891x1024.jpg 891w, https:\/\/www.bulentsenocak.com\/wp-content\/uploads\/2025\/12\/FB_IMG_1766218689268-261x300.jpg 261w, https:\/\/www.bulentsenocak.com\/wp-content\/uploads\/2025\/12\/FB_IMG_1766218689268-768x883.jpg 768w, https:\/\/www.bulentsenocak.com\/wp-content\/uploads\/2025\/12\/FB_IMG_1766218689268-1337x1536.jpg 1337w, https:\/\/www.bulentsenocak.com\/wp-content\/uploads\/2025\/12\/FB_IMG_1766218689268.jpg 1782w\" sizes=\"auto, (max-width: 891px) 100vw, 891px\" \/><\/figure>\n<\/div>\n<\/div>\n\n\n\n<div class=\"wp-block-columns is-layout-flex wp-container-core-columns-is-layout-28f84493 wp-block-columns-is-layout-flex\">\n<div class=\"wp-block-column is-layout-flow wp-block-column-is-layout-flow\">\n<figure class=\"wp-block-image size-large\" style=\"margin-top:0;margin-bottom:0\"><img loading=\"lazy\" decoding=\"async\" width=\"701\" height=\"1024\" src=\"https:\/\/www.bulentsenocak.com\/wp-content\/uploads\/2025\/12\/FB_IMG_1766221606175-701x1024.jpg\" alt=\"\" class=\"wp-image-198\" srcset=\"https:\/\/www.bulentsenocak.com\/wp-content\/uploads\/2025\/12\/FB_IMG_1766221606175-701x1024.jpg 701w, https:\/\/www.bulentsenocak.com\/wp-content\/uploads\/2025\/12\/FB_IMG_1766221606175-205x300.jpg 205w, https:\/\/www.bulentsenocak.com\/wp-content\/uploads\/2025\/12\/FB_IMG_1766221606175-768x1122.jpg 768w, https:\/\/www.bulentsenocak.com\/wp-content\/uploads\/2025\/12\/FB_IMG_1766221606175-1051x1536.jpg 1051w, https:\/\/www.bulentsenocak.com\/wp-content\/uploads\/2025\/12\/FB_IMG_1766221606175.jpg 1164w\" sizes=\"auto, (max-width: 701px) 100vw, 701px\" \/><\/figure>\n<\/div>\n\n\n\n<div class=\"wp-block-column is-layout-flow wp-block-column-is-layout-flow\">\n<figure class=\"wp-block-image size-large\" style=\"margin-top:0;margin-bottom:0\"><img loading=\"lazy\" decoding=\"async\" width=\"934\" height=\"1024\" src=\"https:\/\/www.bulentsenocak.com\/wp-content\/uploads\/2025\/12\/FB_IMG_1766218597182-934x1024.jpg\" alt=\"\" class=\"wp-image-197\" srcset=\"https:\/\/www.bulentsenocak.com\/wp-content\/uploads\/2025\/12\/FB_IMG_1766218597182-934x1024.jpg 934w, https:\/\/www.bulentsenocak.com\/wp-content\/uploads\/2025\/12\/FB_IMG_1766218597182-273x300.jpg 273w, https:\/\/www.bulentsenocak.com\/wp-content\/uploads\/2025\/12\/FB_IMG_1766218597182-768x842.jpg 768w, https:\/\/www.bulentsenocak.com\/wp-content\/uploads\/2025\/12\/FB_IMG_1766218597182-1400x1536.jpg 1400w, https:\/\/www.bulentsenocak.com\/wp-content\/uploads\/2025\/12\/FB_IMG_1766218597182.jpg 1867w\" sizes=\"auto, (max-width: 934px) 100vw, 934px\" \/><\/figure>\n<\/div>\n\n\n\n<div class=\"wp-block-column is-layout-flow wp-block-column-is-layout-flow\">\n<figure class=\"wp-block-image size-large\" style=\"margin-top:0;margin-bottom:0\"><img loading=\"lazy\" decoding=\"async\" width=\"571\" height=\"1024\" src=\"https:\/\/www.bulentsenocak.com\/wp-content\/uploads\/2025\/12\/FB_IMG_1766218668618-571x1024.jpg\" alt=\"\" class=\"wp-image-200\" srcset=\"https:\/\/www.bulentsenocak.com\/wp-content\/uploads\/2025\/12\/FB_IMG_1766218668618-571x1024.jpg 571w, https:\/\/www.bulentsenocak.com\/wp-content\/uploads\/2025\/12\/FB_IMG_1766218668618-167x300.jpg 167w, https:\/\/www.bulentsenocak.com\/wp-content\/uploads\/2025\/12\/FB_IMG_1766218668618-768x1377.jpg 768w, https:\/\/www.bulentsenocak.com\/wp-content\/uploads\/2025\/12\/FB_IMG_1766218668618-857x1536.jpg 857w, https:\/\/www.bulentsenocak.com\/wp-content\/uploads\/2025\/12\/FB_IMG_1766218668618.jpg 1142w\" sizes=\"auto, (max-width: 571px) 100vw, 571px\" \/><\/figure>\n<\/div>\n<\/div>\n\n\n\n<div class=\"wp-block-columns is-layout-flex wp-container-core-columns-is-layout-28f84493 wp-block-columns-is-layout-flex\">\n<div class=\"wp-block-column is-layout-flow wp-block-column-is-layout-flow\">\n<figure class=\"wp-block-image size-large\" style=\"margin-top:0;margin-bottom:0\"><img loading=\"lazy\" decoding=\"async\" width=\"1024\" height=\"478\" src=\"https:\/\/www.bulentsenocak.com\/wp-content\/uploads\/2025\/12\/FB_IMG_1766221550626-1024x478.jpg\" alt=\"\" class=\"wp-image-199\" srcset=\"https:\/\/www.bulentsenocak.com\/wp-content\/uploads\/2025\/12\/FB_IMG_1766221550626-1024x478.jpg 1024w, https:\/\/www.bulentsenocak.com\/wp-content\/uploads\/2025\/12\/FB_IMG_1766221550626-300x140.jpg 300w, https:\/\/www.bulentsenocak.com\/wp-content\/uploads\/2025\/12\/FB_IMG_1766221550626-768x358.jpg 768w, https:\/\/www.bulentsenocak.com\/wp-content\/uploads\/2025\/12\/FB_IMG_1766221550626-1536x716.jpg 1536w, https:\/\/www.bulentsenocak.com\/wp-content\/uploads\/2025\/12\/FB_IMG_1766221550626.jpg 2048w\" sizes=\"auto, (max-width: 1024px) 100vw, 1024px\" \/><\/figure>\n<\/div>\n\n\n\n<div class=\"wp-block-column is-layout-flow wp-block-column-is-layout-flow\">\n<figure class=\"wp-block-image size-large is-resized\" style=\"margin-top:0;margin-bottom:0\"><img loading=\"lazy\" decoding=\"async\" width=\"516\" height=\"1024\" src=\"https:\/\/www.bulentsenocak.com\/wp-content\/uploads\/2025\/12\/FB_IMG_1766217862670-516x1024.jpg\" alt=\"\" class=\"wp-image-202\" style=\"aspect-ratio:0.5039055160381157;width:201px;height:auto\" srcset=\"https:\/\/www.bulentsenocak.com\/wp-content\/uploads\/2025\/12\/FB_IMG_1766217862670-516x1024.jpg 516w, https:\/\/www.bulentsenocak.com\/wp-content\/uploads\/2025\/12\/FB_IMG_1766217862670-151x300.jpg 151w, https:\/\/www.bulentsenocak.com\/wp-content\/uploads\/2025\/12\/FB_IMG_1766217862670-768x1526.jpg 768w, https:\/\/www.bulentsenocak.com\/wp-content\/uploads\/2025\/12\/FB_IMG_1766217862670-773x1536.jpg 773w, https:\/\/www.bulentsenocak.com\/wp-content\/uploads\/2025\/12\/FB_IMG_1766217862670.jpg 1031w\" sizes=\"auto, (max-width: 516px) 100vw, 516px\" \/><\/figure>\n<\/div>\n\n\n\n<div class=\"wp-block-column is-layout-flow wp-block-column-is-layout-flow\"><\/div>\n<\/div>\n\n\n\n<div class=\"wp-block-columns is-layout-flex wp-container-core-columns-is-layout-28f84493 wp-block-columns-is-layout-flex\">\n<div class=\"wp-block-column is-layout-flow wp-block-column-is-layout-flow\"><\/div>\n\n\n\n<div class=\"wp-block-column is-layout-flow wp-block-column-is-layout-flow\"><\/div>\n\n\n\n<div class=\"wp-block-column is-layout-flow wp-block-column-is-layout-flow\"><\/div>\n<\/div>\n\n\n\n<div class=\"wp-block-columns is-layout-flex wp-container-core-columns-is-layout-28f84493 wp-block-columns-is-layout-flex\">\n<div class=\"wp-block-column is-layout-flow wp-block-column-is-layout-flow\"><\/div>\n\n\n\n<div class=\"wp-block-column is-layout-flow wp-block-column-is-layout-flow\"><\/div>\n\n\n\n<div class=\"wp-block-column is-layout-flow wp-block-column-is-layout-flow\"><\/div>\n<\/div>\n\n\n\n<div class=\"wp-block-columns is-layout-flex wp-container-core-columns-is-layout-28f84493 wp-block-columns-is-layout-flex\">\n<div class=\"wp-block-column is-layout-flow wp-block-column-is-layout-flow\"><\/div>\n\n\n\n<div class=\"wp-block-column is-layout-flow wp-block-column-is-layout-flow\"><\/div>\n\n\n\n<div class=\"wp-block-column is-layout-flow wp-block-column-is-layout-flow\"><\/div>\n<\/div>","protected":false},"excerpt":{"rendered":"","protected":false},"author":2,"featured_media":0,"parent":0,"menu_order":0,"comment_status":"closed","ping_status":"closed","template":"","meta":{"footnotes":""},"class_list":["post-1008","page","type-page","status-publish","hentry"],"yoast_head":"<!-- This site is optimized with the Yoast SEO plugin v27.5 - https:\/\/yoast.com\/product\/yoast-seo-wordpress\/ -->\n<title>G\u00f6rsel Medya | B\u00fclent \u015eenocak<\/title>\n<meta name=\"description\" content=\"B\u00fclent \u015eenocak hakk\u0131nda medyada yer alan foto\u011fraflar ve bilgiler i\u00e7in t\u0131klay\u0131n, hemen bilgi al\u0131n!\" \/>\n<meta name=\"robots\" content=\"index, follow, max-snippet:-1, max-image-preview:large, max-video-preview:-1\" \/>\n<link rel=\"canonical\" href=\"https:\/\/www.bulentsenocak.com\/en\/gorsel-medya\/\" \/>\n<meta property=\"og:locale\" content=\"en_US\" \/>\n<meta property=\"og:type\" content=\"article\" \/>\n<meta property=\"og:title\" content=\"G\u00f6rsel Medya | B\u00fclent \u015eenocak\" \/>\n<meta property=\"og:description\" content=\"B\u00fclent \u015eenocak hakk\u0131nda medyada yer alan foto\u011fraflar ve bilgiler i\u00e7in t\u0131klay\u0131n, hemen bilgi al\u0131n!\" \/>\n<meta property=\"og:url\" content=\"https:\/\/www.bulentsenocak.com\/en\/gorsel-medya\/\" \/>\n<meta property=\"og:site_name\" content=\"B&uuml;lent \u015eenocak\" \/>\n<meta property=\"article:modified_time\" content=\"2026-01-10T19:38:59+00:00\" \/>\n<meta property=\"og:image\" content=\"https:\/\/www.bulentsenocak.com\/wp-content\/uploads\/2025\/12\/FB_IMG_1766221137946-2.jpg\" \/>\n\t<meta property=\"og:image:width\" content=\"696\" \/>\n\t<meta property=\"og:image:height\" content=\"677\" \/>\n\t<meta property=\"og:image:type\" content=\"image\/jpeg\" \/>\n<meta name=\"twitter:card\" content=\"summary_large_image\" \/>\n<meta name=\"twitter:label1\" content=\"Est. reading time\" \/>\n\t<meta name=\"twitter:data1\" content=\"3 minutes\" \/>\n<script type=\"application\/ld+json\" class=\"yoast-schema-graph\">{\"@context\":\"https:\\\/\\\/schema.org\",\"@graph\":[{\"@type\":\"WebPage\",\"@id\":\"https:\\\/\\\/www.bulentsenocak.com\\\/gorsel-medya\\\/\",\"url\":\"https:\\\/\\\/www.bulentsenocak.com\\\/gorsel-medya\\\/\",\"name\":\"G\u00f6rsel Medya | B\u00fclent \u015eenocak\",\"isPartOf\":{\"@id\":\"http:\\\/\\\/www.bulentsenocak.com\\\/#website\"},\"primaryImageOfPage\":{\"@id\":\"https:\\\/\\\/www.bulentsenocak.com\\\/gorsel-medya\\\/#primaryimage\"},\"image\":{\"@id\":\"https:\\\/\\\/www.bulentsenocak.com\\\/gorsel-medya\\\/#primaryimage\"},\"thumbnailUrl\":\"https:\\\/\\\/www.bulentsenocak.com\\\/wp-content\\\/uploads\\\/2025\\\/12\\\/FB_IMG_1766221137946-2.jpg\",\"datePublished\":\"2026-01-07T22:16:46+00:00\",\"dateModified\":\"2026-01-10T19:38:59+00:00\",\"description\":\"B\u00fclent \u015eenocak hakk\u0131nda medyada yer alan foto\u011fraflar ve bilgiler i\u00e7in t\u0131klay\u0131n, hemen bilgi al\u0131n!\",\"breadcrumb\":{\"@id\":\"https:\\\/\\\/www.bulentsenocak.com\\\/gorsel-medya\\\/#breadcrumb\"},\"inLanguage\":\"en-US\",\"potentialAction\":[{\"@type\":\"ReadAction\",\"target\":[\"https:\\\/\\\/www.bulentsenocak.com\\\/gorsel-medya\\\/\"]}]},{\"@type\":\"ImageObject\",\"inLanguage\":\"en-US\",\"@id\":\"https:\\\/\\\/www.bulentsenocak.com\\\/gorsel-medya\\\/#primaryimage\",\"url\":\"https:\\\/\\\/www.bulentsenocak.com\\\/wp-content\\\/uploads\\\/2025\\\/12\\\/FB_IMG_1766221137946-2.jpg\",\"contentUrl\":\"https:\\\/\\\/www.bulentsenocak.com\\\/wp-content\\\/uploads\\\/2025\\\/12\\\/FB_IMG_1766221137946-2.jpg\"},{\"@type\":\"BreadcrumbList\",\"@id\":\"https:\\\/\\\/www.bulentsenocak.com\\\/gorsel-medya\\\/#breadcrumb\",\"itemListElement\":[{\"@type\":\"ListItem\",\"position\":1,\"name\":\"Home\",\"item\":\"http:\\\/\\\/www.bulentsenocak.com\\\/\"},{\"@type\":\"ListItem\",\"position\":2,\"name\":\"G\u00f6rsel Medya\"}]},{\"@type\":\"WebSite\",\"@id\":\"http:\\\/\\\/www.bulentsenocak.com\\\/#website\",\"url\":\"http:\\\/\\\/www.bulentsenocak.com\\\/\",\"name\":\"B&uuml;lent \u015eenocak\",\"description\":\"Kalemim, &ouml;zg&uuml;rl&uuml;\u011f&uuml;m&uuml;n kanatlar\u0131d\u0131r.\",\"publisher\":{\"@id\":\"http:\\\/\\\/www.bulentsenocak.com\\\/#\\\/schema\\\/person\\\/d6b6a272870f4cd2600a30e279637d51\"},\"potentialAction\":[{\"@type\":\"SearchAction\",\"target\":{\"@type\":\"EntryPoint\",\"urlTemplate\":\"http:\\\/\\\/www.bulentsenocak.com\\\/?s={search_term_string}\"},\"query-input\":{\"@type\":\"PropertyValueSpecification\",\"valueRequired\":true,\"valueName\":\"search_term_string\"}}],\"inLanguage\":\"en-US\"},{\"@type\":[\"Person\",\"Organization\"],\"@id\":\"http:\\\/\\\/www.bulentsenocak.com\\\/#\\\/schema\\\/person\\\/d6b6a272870f4cd2600a30e279637d51\",\"name\":\"B\u00fclent \u015eenocak\",\"image\":{\"@type\":\"ImageObject\",\"inLanguage\":\"en-US\",\"@id\":\"https:\\\/\\\/www.bulentsenocak.com\\\/wp-content\\\/uploads\\\/2025\\\/12\\\/logo-1-1.png\",\"url\":\"https:\\\/\\\/www.bulentsenocak.com\\\/wp-content\\\/uploads\\\/2025\\\/12\\\/logo-1-1.png\",\"contentUrl\":\"https:\\\/\\\/www.bulentsenocak.com\\\/wp-content\\\/uploads\\\/2025\\\/12\\\/logo-1-1.png\",\"width\":622,\"height\":412,\"caption\":\"B\u00fclent \u015eenocak\"},\"logo\":{\"@id\":\"https:\\\/\\\/www.bulentsenocak.com\\\/wp-content\\\/uploads\\\/2025\\\/12\\\/logo-1-1.png\"},\"sameAs\":[\"https:\\\/\\\/www.bulentsenocak.com\"]}]}<\/script>\n<!-- \/ Yoast SEO plugin. -->","yoast_head_json":{"title":"G\u00f6rsel Medya | B\u00fclent \u015eenocak","description":"B\u00fclent \u015eenocak hakk\u0131nda medyada yer alan foto\u011fraflar ve bilgiler i\u00e7in t\u0131klay\u0131n, hemen bilgi al\u0131n!","robots":{"index":"index","follow":"follow","max-snippet":"max-snippet:-1","max-image-preview":"max-image-preview:large","max-video-preview":"max-video-preview:-1"},"canonical":"https:\/\/www.bulentsenocak.com\/en\/gorsel-medya\/","og_locale":"en_US","og_type":"article","og_title":"G\u00f6rsel Medya | B\u00fclent \u015eenocak","og_description":"B\u00fclent \u015eenocak hakk\u0131nda medyada yer alan foto\u011fraflar ve bilgiler i\u00e7in t\u0131klay\u0131n, hemen bilgi al\u0131n!","og_url":"https:\/\/www.bulentsenocak.com\/en\/gorsel-medya\/","og_site_name":"B&uuml;lent \u015eenocak","article_modified_time":"2026-01-10T19:38:59+00:00","og_image":[{"width":696,"height":677,"url":"https:\/\/www.bulentsenocak.com\/wp-content\/uploads\/2025\/12\/FB_IMG_1766221137946-2.jpg","type":"image\/jpeg"}],"twitter_card":"summary_large_image","twitter_misc":{"Est. reading time":"3 minutes"},"schema":{"@context":"https:\/\/schema.org","@graph":[{"@type":"WebPage","@id":"https:\/\/www.bulentsenocak.com\/gorsel-medya\/","url":"https:\/\/www.bulentsenocak.com\/gorsel-medya\/","name":"G\u00f6rsel Medya | B\u00fclent \u015eenocak","isPartOf":{"@id":"http:\/\/www.bulentsenocak.com\/#website"},"primaryImageOfPage":{"@id":"https:\/\/www.bulentsenocak.com\/gorsel-medya\/#primaryimage"},"image":{"@id":"https:\/\/www.bulentsenocak.com\/gorsel-medya\/#primaryimage"},"thumbnailUrl":"https:\/\/www.bulentsenocak.com\/wp-content\/uploads\/2025\/12\/FB_IMG_1766221137946-2.jpg","datePublished":"2026-01-07T22:16:46+00:00","dateModified":"2026-01-10T19:38:59+00:00","description":"B\u00fclent \u015eenocak hakk\u0131nda medyada yer alan foto\u011fraflar ve bilgiler i\u00e7in t\u0131klay\u0131n, hemen bilgi al\u0131n!","breadcrumb":{"@id":"https:\/\/www.bulentsenocak.com\/gorsel-medya\/#breadcrumb"},"inLanguage":"en-US","potentialAction":[{"@type":"ReadAction","target":["https:\/\/www.bulentsenocak.com\/gorsel-medya\/"]}]},{"@type":"ImageObject","inLanguage":"en-US","@id":"https:\/\/www.bulentsenocak.com\/gorsel-medya\/#primaryimage","url":"https:\/\/www.bulentsenocak.com\/wp-content\/uploads\/2025\/12\/FB_IMG_1766221137946-2.jpg","contentUrl":"https:\/\/www.bulentsenocak.com\/wp-content\/uploads\/2025\/12\/FB_IMG_1766221137946-2.jpg"},{"@type":"BreadcrumbList","@id":"https:\/\/www.bulentsenocak.com\/gorsel-medya\/#breadcrumb","itemListElement":[{"@type":"ListItem","position":1,"name":"Home","item":"http:\/\/www.bulentsenocak.com\/"},{"@type":"ListItem","position":2,"name":"G\u00f6rsel Medya"}]},{"@type":"WebSite","@id":"http:\/\/www.bulentsenocak.com\/#website","url":"http:\/\/www.bulentsenocak.com\/","name":"B&uuml;lent \u015eenocak","description":"Kalemim, &ouml;zg&uuml;rl&uuml;\u011f&uuml;m&uuml;n kanatlar\u0131d\u0131r.","publisher":{"@id":"http:\/\/www.bulentsenocak.com\/#\/schema\/person\/d6b6a272870f4cd2600a30e279637d51"},"potentialAction":[{"@type":"SearchAction","target":{"@type":"EntryPoint","urlTemplate":"http:\/\/www.bulentsenocak.com\/?s={search_term_string}"},"query-input":{"@type":"PropertyValueSpecification","valueRequired":true,"valueName":"search_term_string"}}],"inLanguage":"en-US"},{"@type":["Person","Organization"],"@id":"http:\/\/www.bulentsenocak.com\/#\/schema\/person\/d6b6a272870f4cd2600a30e279637d51","name":"B\u00fclent \u015eenocak","image":{"@type":"ImageObject","inLanguage":"en-US","@id":"https:\/\/www.bulentsenocak.com\/wp-content\/uploads\/2025\/12\/logo-1-1.png","url":"https:\/\/www.bulentsenocak.com\/wp-content\/uploads\/2025\/12\/logo-1-1.png","contentUrl":"https:\/\/www.bulentsenocak.com\/wp-content\/uploads\/2025\/12\/logo-1-1.png","width":622,"height":412,"caption":"B\u00fclent \u015eenocak"},"logo":{"@id":"https:\/\/www.bulentsenocak.com\/wp-content\/uploads\/2025\/12\/logo-1-1.png"},"sameAs":["https:\/\/www.bulentsenocak.com"]}]}},"_links":{"self":[{"href":"https:\/\/www.bulentsenocak.com\/en\/wp-json\/wp\/v2\/pages\/1008","targetHints":{"allow":["GET"]}}],"collection":[{"href":"https:\/\/www.bulentsenocak.com\/en\/wp-json\/wp\/v2\/pages"}],"about":[{"href":"https:\/\/www.bulentsenocak.com\/en\/wp-json\/wp\/v2\/types\/page"}],"author":[{"embeddable":true,"href":"https:\/\/www.bulentsenocak.com\/en\/wp-json\/wp\/v2\/users\/2"}],"replies":[{"embeddable":true,"href":"https:\/\/www.bulentsenocak.com\/en\/wp-json\/wp\/v2\/comments?post=1008"}],"version-history":[{"count":4,"href":"https:\/\/www.bulentsenocak.com\/en\/wp-json\/wp\/v2\/pages\/1008\/revisions"}],"predecessor-version":[{"id":1063,"href":"https:\/\/www.bulentsenocak.com\/en\/wp-json\/wp\/v2\/pages\/1008\/revisions\/1063"}],"wp:attachment":[{"href":"https:\/\/www.bulentsenocak.com\/en\/wp-json\/wp\/v2\/media?parent=1008"}],"curies":[{"name":"wp","href":"https:\/\/api.w.org\/{rel}","templated":true}]}}